{"id":3723,"date":"2021-01-26T09:17:39","date_gmt":"2021-01-26T08:17:39","guid":{"rendered":"https:\/\/trustvalley.swiss\/?page_id=3723"},"modified":"2021-01-26T09:20:55","modified_gmt":"2021-01-26T08:20:55","slug":"terms-of-use","status":"publish","type":"page","link":"https:\/\/trustvalley.swiss\/en\/terms-of-use\/","title":{"rendered":"Terms of Use"},"content":{"rendered":"<p>Derni\u00e8re mise \u00e0 jour : 26\/01\/2021<\/p>\n<p><\/p>\n<h3>Avis juridique et contact<\/h3>\n<p>Nom de la soci\u00e9t\u00e9 : Trust Valley<br \/>\nAdresse : Trust Valley, B\u00e2timent C, Route Cantonale, CH-1015 Lausanne<br \/>\nEmail :\u00a0info@epfl-innovationpark.ch<\/p>\n<p><\/p>\n<h3>1. Conditions<\/h3>\n<p>En acc\u00e9dant au site web \u00e0 l&#8217;adresse suivante\u00a0<a href=\"https:\/\/trustvalley.swiss\/\">trustvalley.swiss<\/a>, vous acceptez d&#8217;\u00eatre li\u00e9 par ces conditions d&#8217;utilisations, toutes les lois et r\u00e9glementations applicables, et acceptez que vous \u00eates responsable du respect de toute loi locale applicable. Si vous n&#8217;acceptez pas l&#8217;une de ces conditions, il vous est interdit d&#8217;utiliser ou d&#8217;acc\u00e9der \u00e0 ce site. Les documents contenus dans le site web Trust Valley sont prot\u00e9g\u00e9s par le droit d&#8217;auteur et le droit des marques applicables.<\/p>\n<p><\/p>\n<h3>2. Licence d&#8217;utilisation<\/h3>\n<ol>\n<li>\n<p>L&#8217;autorisation est accord\u00e9e de t\u00e9l\u00e9charger temporairement une copie des documents (informations ou logiciels) sur le site web Trust Valley \u00e0 des fins personnelles, visionnage transitoire non commercial uniquement. Il s&#8217;agit de l&#8217;octroi d&#8217;une licence, et non d&#8217;un transfert de titre, et en vertu de cette licence, vous ne pouvez:<\/p>\n<ol>\n<li>\n<p>modifier ou copier le mat\u00e9riel;<\/p>\n<\/li>\n<li>\n<p>utiliser le mat\u00e9riel \u00e0 toute fin commerciale ou pour toute pr\u00e9sentation publique (commerciale ou non commerciale);<\/p>\n<\/li>\n<li>\n<p>tentative de d\u00e9compilation ou d&#8217;ing\u00e9nierie inverse de tout logiciel contenu sur le site web Trust Valley;<\/p>\n<\/li>\n<li>\n<p>supprimer toute mention de droit d&#8217;auteur ou autre mention de propri\u00e9t\u00e9 des documents; ou<\/p>\n<\/li>\n<li>\n<p>transf\u00e9rer le mat\u00e9riel \u00e0 une autre personne ou &#8220;refl\u00e9ter&#8221; le mat\u00e9riel sur tout autre serveur.<\/p>\n<\/li>\n<\/ol>\n<\/li>\n<li>\n<p>Cette licence sera automatiquement r\u00e9sili\u00e9e si vous violez l&#8217;une de ces restrictions et peut \u00eatre r\u00e9sili\u00e9e \u00e0 tout moment par Trust Valley. Lorsque vous cessez de consulter ces documents ou lorsque cette licence prend fin, vous devez d\u00e9truire tous les documents t\u00e9l\u00e9charg\u00e9s en votre possession, qu&#8217;ils soient sous forme \u00e9lectronique ou imprim\u00e9e.<\/p>\n<\/li>\n<\/ol>\n<p><\/p>\n<h3>3. Clause de non-responsabilit\u00e9<\/h3>\n<ol>\n<li>\n<p>Les documents figurant sur le site Trust Valley sont fournis &#8220;tels quels&#8221;. Trust Valley n&#8217;offre aucune garantie, explicite ou implicite, et rejette et annule par la pr\u00e9sente toutes les autres garanties, y compris, sans limitation, les garanties ou conditions implicites de qualit\u00e9 marchande, l&#8217;aptitude \u00e0 un usage particulier, ou la non-violation de la propri\u00e9t\u00e9 intellectuelle ou toute autre violation des droits.<\/p>\n<\/li>\n<li>\n<p>De plus, Trust Valley ne garantit ni ne fait aucune d\u00e9claration concernant l&#8217;exactitude, r\u00e9sultats possibles, ou la fiabilit\u00e9 de l&#8217;utilisation des mat\u00e9riaux sur son site web ou se rapportant d&#8217;une autre mani\u00e8re \u00e0 ces mat\u00e9riaux ou \u00e0 tout autre site li\u00e9 \u00e0 ce site.<\/p>\n<\/li>\n<\/ol>\n<p><\/p>\n<h3>4. Limitations<\/h3>\n<p>En aucun cas Trust Valley ou ses fournisseurs ne peuvent \u00eatre tenus responsables de dommages (y compris, sans limitation, les dommages-int\u00e9r\u00eats pour perte de donn\u00e9es ou de b\u00e9n\u00e9fices, ou en raison d&#8217;une interruption d&#8217;activit\u00e9) d\u00e9coulant de l&#8217;utilisation ou de l&#8217;incapacit\u00e9 \u00e0 utiliser les documents du site web Trust Valley, m\u00eame si Trust Valley ou un repr\u00e9sentant autoris\u00e9 de Trust Valley a \u00e9t\u00e9 inform\u00e9 oralement ou par \u00e9crit de la possibilit\u00e9 de tels dommages. Comme certaines juridictions n&#8217;autorisent pas les limitations de garanties implicites ou les limitations de responsabilit\u00e9 pour les dommages indirects ou accessoires, ces limitations peuvent ne pas s&#8217;appliquer \u00e0 vous.<\/p>\n<p><\/p>\n<h3>5. Pr\u00e9cision des mat\u00e9riaux<\/h3>\n<p>Les documents figurant sur le site web Trust Valley peuvent contenir des erreurs techniques, typographiques ou photographiques. Trust Valley ne garantit pas l&#8217;exactitude, l&#8217;exhaustivit\u00e9 ou l&#8217;actualit\u00e9 des informations figurant sur son site web. Trust Valley peut apporter des modifications aux documents contenus sur son site web \u00e0 tout moment et sans pr\u00e9avis. Toutefois, Trust Valley ne s&#8217;engage pas \u00e0 mettre \u00e0 jour les documents.<\/p>\n<p><\/p>\n<h3>6. Liens<\/h3>\n<p>Trust Valley n&#8217;a pas v\u00e9rifi\u00e9 tous les sites li\u00e9s \u00e0 son site web et n&#8217;est pas responsable du contenu de ces sites. L&#8217;inclusion d&#8217;un lien n&#8217;implique pas l&#8217;approbation du site par Trust Valley. L&#8217;utilisation de ces sites est aux risques de l&#8217;utilisateur.<\/p>\n<p><\/p>\n<h3>7. Modifications<\/h3>\n<p>Trust Valley peut r\u00e9viser les pr\u00e9sentes conditions d&#8217;utilisation de son site web \u00e0 tout moment et sans pr\u00e9avis. En utilisant ce site web, vous acceptez d&#8217;\u00eatre li\u00e9 par la version en vigueur des pr\u00e9sentes conditions d&#8217;utilisation.<\/p>\n<p><\/p>\n<h3>8. Droit applicable<\/h3>\n<p>Les pr\u00e9sentes conditions g\u00e9n\u00e9rales sont r\u00e9gies et interpr\u00e9t\u00e9es conform\u00e9ment aux lois Suisse et vous vous soumettez irr\u00e9vocablement \u00e0 la comp\u00e9tence exclusive des tribunaux de cet \u00c9tat ou de ce lieu.<\/p>\n","protected":false},"excerpt":{"rendered":"<p>Derni\u00e8re mise \u00e0 jour : 26\/01\/2021 Avis juridique et contact Nom de la soci\u00e9t\u00e9 : Trust Valley Adresse : Trust [&hellip;]<\/p>\n","protected":false},"author":1,"featured_media":0,"parent":0,"menu_order":29,"comment_status":"closed","ping_status":"closed","template":"","meta":{"_acf_changed":false,"footnotes":""},"class_list":["post-3723","page","type-page","status-publish","hentry"],"acf":[],"yoast_head":"<!-- This site is optimized with the Yoast SEO plugin v27.4 - https:\/\/yoast.com\/product\/yoast-seo-wordpress\/ -->\n<title>Terms of Use - Trust Valley<\/title>\n<meta name=\"robots\" content=\"index, follow, max-snippet:-1, max-image-preview:large, max-video-preview:-1\" \/>\n<link rel=\"canonical\" href=\"https:\/\/trustvalley.swiss\/en\/terms-of-use\/\" \/>\n<meta property=\"og:locale\" content=\"en_US\" \/>\n<meta property=\"og:type\" content=\"article\" \/>\n<meta property=\"og:title\" content=\"Terms of Use - Trust Valley\" \/>\n<meta property=\"og:description\" content=\"Derni\u00e8re mise \u00e0 jour : 26\/01\/2021 Avis juridique et contact Nom de la soci\u00e9t\u00e9 : Trust Valley Adresse : Trust [&hellip;]\" \/>\n<meta property=\"og:url\" content=\"https:\/\/trustvalley.swiss\/en\/terms-of-use\/\" \/>\n<meta property=\"og:site_name\" content=\"Trust Valley\" \/>\n<meta property=\"article:modified_time\" content=\"2021-01-26T08:20:55+00:00\" \/>\n<meta name=\"twitter:card\" content=\"summary_large_image\" \/>\n<meta name=\"twitter:label1\" content=\"Est. reading time\" \/>\n\t<meta name=\"twitter:data1\" content=\"4 minutes\" \/>\n<script type=\"application\/ld+json\" class=\"yoast-schema-graph\">{\"@context\":\"https:\\\/\\\/schema.org\",\"@graph\":[{\"@type\":\"WebPage\",\"@id\":\"https:\\\/\\\/trustvalley.swiss\\\/en\\\/terms-of-use\\\/\",\"url\":\"https:\\\/\\\/trustvalley.swiss\\\/en\\\/terms-of-use\\\/\",\"name\":\"Terms of Use - Trust Valley\",\"isPartOf\":{\"@id\":\"https:\\\/\\\/trustvalley.swiss\\\/en\\\/#website\"},\"datePublished\":\"2021-01-26T08:17:39+00:00\",\"dateModified\":\"2021-01-26T08:20:55+00:00\",\"breadcrumb\":{\"@id\":\"https:\\\/\\\/trustvalley.swiss\\\/en\\\/terms-of-use\\\/#breadcrumb\"},\"inLanguage\":\"en-US\",\"potentialAction\":[{\"@type\":\"ReadAction\",\"target\":[\"https:\\\/\\\/trustvalley.swiss\\\/en\\\/terms-of-use\\\/\"]}]},{\"@type\":\"BreadcrumbList\",\"@id\":\"https:\\\/\\\/trustvalley.swiss\\\/en\\\/terms-of-use\\\/#breadcrumb\",\"itemListElement\":[{\"@type\":\"ListItem\",\"position\":1,\"name\":\"Accueil\",\"item\":\"https:\\\/\\\/trustvalley.swiss\\\/en\\\/\"},{\"@type\":\"ListItem\",\"position\":2,\"name\":\"Terms of Use\"}]},{\"@type\":\"WebSite\",\"@id\":\"https:\\\/\\\/trustvalley.swiss\\\/en\\\/#website\",\"url\":\"https:\\\/\\\/trustvalley.swiss\\\/en\\\/\",\"name\":\"Trust Valley\",\"description\":\"Trust Valley\",\"potentialAction\":[{\"@type\":\"SearchAction\",\"target\":{\"@type\":\"EntryPoint\",\"urlTemplate\":\"https:\\\/\\\/trustvalley.swiss\\\/en\\\/?s={search_term_string}\"},\"query-input\":{\"@type\":\"PropertyValueSpecification\",\"valueRequired\":true,\"valueName\":\"search_term_string\"}}],\"inLanguage\":\"en-US\"}]}<\/script>\n<!-- \/ Yoast SEO plugin. -->","yoast_head_json":{"title":"Terms of Use - Trust Valley","robots":{"index":"index","follow":"follow","max-snippet":"max-snippet:-1","max-image-preview":"max-image-preview:large","max-video-preview":"max-video-preview:-1"},"canonical":"https:\/\/trustvalley.swiss\/en\/terms-of-use\/","og_locale":"en_US","og_type":"article","og_title":"Terms of Use - Trust Valley","og_description":"Derni\u00e8re mise \u00e0 jour : 26\/01\/2021 Avis juridique et contact Nom de la soci\u00e9t\u00e9 : Trust Valley Adresse : Trust [&hellip;]","og_url":"https:\/\/trustvalley.swiss\/en\/terms-of-use\/","og_site_name":"Trust Valley","article_modified_time":"2021-01-26T08:20:55+00:00","twitter_card":"summary_large_image","twitter_misc":{"Est. reading time":"4 minutes"},"schema":{"@context":"https:\/\/schema.org","@graph":[{"@type":"WebPage","@id":"https:\/\/trustvalley.swiss\/en\/terms-of-use\/","url":"https:\/\/trustvalley.swiss\/en\/terms-of-use\/","name":"Terms of Use - Trust Valley","isPartOf":{"@id":"https:\/\/trustvalley.swiss\/en\/#website"},"datePublished":"2021-01-26T08:17:39+00:00","dateModified":"2021-01-26T08:20:55+00:00","breadcrumb":{"@id":"https:\/\/trustvalley.swiss\/en\/terms-of-use\/#breadcrumb"},"inLanguage":"en-US","potentialAction":[{"@type":"ReadAction","target":["https:\/\/trustvalley.swiss\/en\/terms-of-use\/"]}]},{"@type":"BreadcrumbList","@id":"https:\/\/trustvalley.swiss\/en\/terms-of-use\/#breadcrumb","itemListElement":[{"@type":"ListItem","position":1,"name":"Accueil","item":"https:\/\/trustvalley.swiss\/en\/"},{"@type":"ListItem","position":2,"name":"Terms of Use"}]},{"@type":"WebSite","@id":"https:\/\/trustvalley.swiss\/en\/#website","url":"https:\/\/trustvalley.swiss\/en\/","name":"Trust Valley","description":"Trust Valley","potentialAction":[{"@type":"SearchAction","target":{"@type":"EntryPoint","urlTemplate":"https:\/\/trustvalley.swiss\/en\/?s={search_term_string}"},"query-input":{"@type":"PropertyValueSpecification","valueRequired":true,"valueName":"search_term_string"}}],"inLanguage":"en-US"}]}},"_links":{"self":[{"href":"https:\/\/trustvalley.swiss\/en\/wp-json\/wp\/v2\/pages\/3723","targetHints":{"allow":["GET"]}}],"collection":[{"href":"https:\/\/trustvalley.swiss\/en\/wp-json\/wp\/v2\/pages"}],"about":[{"href":"https:\/\/trustvalley.swiss\/en\/wp-json\/wp\/v2\/types\/page"}],"author":[{"embeddable":true,"href":"https:\/\/trustvalley.swiss\/en\/wp-json\/wp\/v2\/users\/1"}],"replies":[{"embeddable":true,"href":"https:\/\/trustvalley.swiss\/en\/wp-json\/wp\/v2\/comments?post=3723"}],"version-history":[{"count":0,"href":"https:\/\/trustvalley.swiss\/en\/wp-json\/wp\/v2\/pages\/3723\/revisions"}],"wp:attachment":[{"href":"https:\/\/trustvalley.swiss\/en\/wp-json\/wp\/v2\/media?parent=3723"}],"curies":[{"name":"wp","href":"https:\/\/api.w.org\/{rel}","templated":true}]}}