{"id":1965,"date":"2020-06-16T17:02:49","date_gmt":"2020-06-16T15:02:49","guid":{"rendered":"https:\/\/digitaltrustvalley.ch\/evenements\/"},"modified":"2024-04-12T10:39:05","modified_gmt":"2024-04-12T08:39:05","slug":"evenements","status":"publish","type":"page","link":"https:\/\/trustvalley.swiss\/en\/evenements\/","title":{"rendered":"Events"},"content":{"rendered":"<div class=\"wpb-content-wrapper\"><p>[vc_row][vc_column width=&#8221;2\/3&#8243;][vc_raw_html]JTNDZGl2JTIwaWQlM0QlMjJldmVudHNMaXN0JTIyJTNFJTNDJTJGZGl2JTNF[\/vc_raw_html][\/vc_column][vc_column column_width_percent=&#8221;100&#8243; gutter_size=&#8221;3&#8243; overlay_alpha=&#8221;50&#8243; shift_x=&#8221;0&#8243; shift_y=&#8221;0&#8243; shift_y_down=&#8221;0&#8243; z_index=&#8221;0&#8243; medium_width=&#8221;0&#8243; mobile_width=&#8221;0&#8243; width=&#8221;1\/3&#8243;][vc_custom_heading heading_semantic=&#8221;div&#8221; text_size=&#8221;h3&#8243;]Other events[\/vc_custom_heading][vc_column_text]<div class=\"wp-rss-template-container\" data-wpra-template=\"default\" data-template-ctx=\"eyJmZWVkcyI6ImV2ZW50cy1jNGR0In0=\">\n    <div class=\"wp-rss-aggregator wpra-list-template  \" data-page=\"1\">\n    \n    \n<ul class=\"wpra-item-list rss-aggregator wpra-item-list--bullets wpra-item-list--default\"\n    start=\"1\">\n                        <li class=\"wpra-item feed-item \">\n            \n            \n\n    <a  href=\"https:\/\/c4dt.epfl.ch\/event\/swiss-crypto-day-4\/\" target=\"_blank\" rel=\"nofollow\" class=\"\">Swiss Crypto Day<\/a>\n\n\n\n\n\n\n<div class=\"wprss-feed-meta\">\n            <span class=\"feed-source\">\n            Source:\n\n                            Events C4DT\n                    <\/span>\n    \n            <span class=\"feed-date\">\n            Published on 2026-03-26\n        <\/span>\n    \n    <\/div>\n\n\n\n\n\n            \n        <\/li>\n                    <li class=\"wpra-item feed-item \">\n            \n            \n\n    <a  href=\"https:\/\/c4dt.epfl.ch\/event\/racial-and-discriminatory-bias-in-generative-ai-round-table\/\" target=\"_blank\" rel=\"nofollow\" class=\"\">Racial and Discriminatory Bias in Generative AI \u2013 Round Table<\/a>\n\n\n\n\n\n\n<div class=\"wprss-feed-meta\">\n            <span class=\"feed-source\">\n            Source:\n\n                            Events C4DT\n                    <\/span>\n    \n            <span class=\"feed-date\">\n            Published on 2026-03-24\n        <\/span>\n    \n    <\/div>\n\n\n\n\n\n            \n        <\/li>\n                    <li class=\"wpra-item feed-item \">\n            \n            \n\n    <a  href=\"https:\/\/c4dt.epfl.ch\/event\/human-rights-week-digital-frontlines\/\" target=\"_blank\" rel=\"nofollow\" class=\"\">Human Rights Week: Digital Frontlines<\/a>\n\n\n\n\n\n\n<div class=\"wprss-feed-meta\">\n            <span class=\"feed-source\">\n            Source:\n\n                            Events C4DT\n                    <\/span>\n    \n            <span class=\"feed-date\">\n            Published on 2026-03-20\n        <\/span>\n    \n    <\/div>\n\n\n\n\n\n            \n        <\/li>\n                    <li class=\"wpra-item feed-item \">\n            \n            \n\n    <a  href=\"https:\/\/c4dt.epfl.ch\/event\/swiss-data-space-forum-2026-unlocking-data-for-ai\/\" target=\"_blank\" rel=\"nofollow\" class=\"\">Swiss Data Space Forum 2026: Unlocking Data for AI<\/a>\n\n\n\n\n\n\n<div class=\"wprss-feed-meta\">\n            <span class=\"feed-source\">\n            Source:\n\n                            Events C4DT\n                    <\/span>\n    \n            <span class=\"feed-date\">\n            Published on 2026-03-16\n        <\/span>\n    \n    <\/div>\n\n\n\n\n\n            \n        <\/li>\n                    <li class=\"wpra-item feed-item \">\n            \n            \n\n    <a  href=\"https:\/\/c4dt.epfl.ch\/event\/global-digital-collaboration-conference-2026\/\" target=\"_blank\" rel=\"nofollow\" class=\"\">Global Digital Collaboration Conference 2026<\/a>\n\n\n\n\n\n\n<div class=\"wprss-feed-meta\">\n            <span class=\"feed-source\">\n            Source:\n\n                            Events C4DT\n                    <\/span>\n    \n            <span class=\"feed-date\">\n            Published on 2026-03-16\n        <\/span>\n    \n    <\/div>\n\n\n\n\n\n            \n        <\/li>\n                    <li class=\"wpra-item feed-item \">\n            \n            \n\n    <a  href=\"https:\/\/c4dt.epfl.ch\/event\/ai-for-good-global-summit-2\/\" target=\"_blank\" rel=\"nofollow\" class=\"\">AI for Good Global Summit<\/a>\n\n\n\n\n\n\n<div class=\"wprss-feed-meta\">\n            <span class=\"feed-source\">\n            Source:\n\n                            Events C4DT\n                    <\/span>\n    \n            <span class=\"feed-date\">\n            Published on 2026-03-16\n        <\/span>\n    \n    <\/div>\n\n\n\n\n\n            \n        <\/li>\n                    <li class=\"wpra-item feed-item \">\n            \n            \n\n    <a  href=\"https:\/\/c4dt.epfl.ch\/event\/insomnihack\/\" target=\"_blank\" rel=\"nofollow\" class=\"\">Insomni\u2019Hack \u2013 Swiss Cybersecurity Conference<\/a>\n\n\n\n\n\n\n<div class=\"wprss-feed-meta\">\n            <span class=\"feed-source\">\n            Source:\n\n                            Events C4DT\n                    <\/span>\n    \n            <span class=\"feed-date\">\n            Published on 2026-03-09\n        <\/span>\n    \n    <\/div>\n\n\n\n\n\n            \n        <\/li>\n                    <li class=\"wpra-item feed-item \">\n            \n            \n\n    <a  href=\"https:\/\/c4dt.epfl.ch\/event\/open-source-software-services-meet-up-special-edition-fragilites-et-souverainete-numerique\/\" target=\"_blank\" rel=\"nofollow\" class=\"\">Open-source software services meet-up: special edition \u2018Fragilit\u00e9s et souverainet\u00e9 num\u00e9rique\u2019<\/a>\n\n\n\n\n\n\n<div class=\"wprss-feed-meta\">\n            <span class=\"feed-source\">\n            Source:\n\n                            Events C4DT\n                    <\/span>\n    \n            <span class=\"feed-date\">\n            Published on 2026-03-02\n        <\/span>\n    \n    <\/div>\n\n\n\n\n\n            \n        <\/li>\n                    <li class=\"wpra-item feed-item \">\n            \n            \n\n    <a  href=\"https:\/\/c4dt.epfl.ch\/event\/epfl-engineering-industry-day-roundtable-on-quantum-demystified-cyberrisks-and-industry-responses\/\" target=\"_blank\" rel=\"nofollow\" class=\"\">EPFL Engineering Industry Day \u2013 Roundtable on Quantum Demystified: Cyberrisks and Industry Responses<\/a>\n\n\n\n\n\n\n<div class=\"wprss-feed-meta\">\n            <span class=\"feed-source\">\n            Source:\n\n                            Events C4DT\n                    <\/span>\n    \n            <span class=\"feed-date\">\n            Published on 2026-03-02\n        <\/span>\n    \n    <\/div>\n\n\n\n\n\n            \n        <\/li>\n                    <li class=\"wpra-item feed-item \">\n            \n            \n\n    <a  href=\"https:\/\/c4dt.epfl.ch\/event\/swiss-crypto-day-3\/\" target=\"_blank\" rel=\"nofollow\" class=\"\">Swiss Crypto Day<\/a>\n\n\n\n\n\n\n<div class=\"wprss-feed-meta\">\n            <span class=\"feed-source\">\n            Source:\n\n                            Events C4DT\n                    <\/span>\n    \n            <span class=\"feed-date\">\n            Published on 2026-02-23\n        <\/span>\n    \n    <\/div>\n\n\n\n\n\n            \n        <\/li>\n                    <li class=\"wpra-item feed-item \">\n            \n            \n\n    <a  href=\"https:\/\/c4dt.epfl.ch\/event\/amld-intelligence-summit-2026-ai-media-how-to-secure-and-verify-info\/\" target=\"_blank\" rel=\"nofollow\" class=\"\">AMLD Intelligence Summit 2026 \u2013 AI &amp; Media, how to secure and verify info?<\/a>\n\n\n\n\n\n\n<div class=\"wprss-feed-meta\">\n            <span class=\"feed-source\">\n            Source:\n\n                            Events C4DT\n                    <\/span>\n    \n            <span class=\"feed-date\">\n            Published on 2026-01-21\n        <\/span>\n    \n    <\/div>\n\n\n\n\n\n            \n        <\/li>\n                    <li class=\"wpra-item feed-item \">\n            \n            \n\n    <a  href=\"https:\/\/c4dt.epfl.ch\/event\/amld-intelligence-summit-2026-assessing-the-disruption-by-ai-agents-economic-security-and-legal-perspectives\/\" target=\"_blank\" rel=\"nofollow\" class=\"\">AMLD Intelligence Summit 2026 \u2013 Assessing the Disruption by AI Agents: Economic, Security and Legal Perspectives<\/a>\n\n\n\n\n\n\n<div class=\"wprss-feed-meta\">\n            <span class=\"feed-source\">\n            Source:\n\n                            Events C4DT\n                    <\/span>\n    \n            <span class=\"feed-date\">\n            Published on 2026-01-21\n        <\/span>\n    \n    <\/div>\n\n\n\n\n\n            \n        <\/li>\n                    <li class=\"wpra-item feed-item \">\n            \n            \n\n    <a  href=\"https:\/\/c4dt.epfl.ch\/event\/this-house-believes-ai-will-save-democracy-an-oxford-style-debate\/\" target=\"_blank\" rel=\"nofollow\" class=\"\">This House Believes AI Will Save Democracy: An Oxford-Style Debate<\/a>\n\n\n\n\n\n\n<div class=\"wprss-feed-meta\">\n            <span class=\"feed-source\">\n            Source:\n\n                            Events C4DT\n                    <\/span>\n    \n            <span class=\"feed-date\">\n            Published on 2025-10-13\n        <\/span>\n    \n    <\/div>\n\n\n\n\n\n            \n        <\/li>\n                    <li class=\"wpra-item feed-item \">\n            \n            \n\n    <a  href=\"https:\/\/c4dt.epfl.ch\/event\/translating-ai-to-clinical-practice\/\" target=\"_blank\" rel=\"nofollow\" class=\"\">Translating AI to Clinical Practice<\/a>\n\n\n\n\n\n\n<div class=\"wprss-feed-meta\">\n            <span class=\"feed-source\">\n            Source:\n\n                            Events C4DT\n                    <\/span>\n    \n            <span class=\"feed-date\">\n            Published on 2025-08-19\n        <\/span>\n    \n    <\/div>\n\n\n\n\n\n            \n        <\/li>\n                    <li class=\"wpra-item feed-item \">\n            \n            \n\n    <a  href=\"https:\/\/c4dt.epfl.ch\/event\/ai-policy-summit-2025-reg-horizon\/\" target=\"_blank\" rel=\"nofollow\" class=\"\">AI Policy Summit 2025 \u2013 REG HORIZON<\/a>\n\n\n\n\n\n\n<div class=\"wprss-feed-meta\">\n            <span class=\"feed-source\">\n            Source:\n\n                            Events C4DT\n                    <\/span>\n    \n            <span class=\"feed-date\">\n            Published on 2025-07-18\n        <\/span>\n    \n    <\/div>\n\n\n\n\n\n            \n        <\/li>\n        <\/ul>\n\n        \n<\/div>\n\n<\/div>\n[\/vc_column_text][\/vc_column][\/vc_row]<\/p>\n<\/div>","protected":false},"excerpt":{"rendered":"<p>[vc_row][vc_column width=&#8221;2\/3&#8243;][vc_raw_html]JTNDZGl2JTIwaWQlM0QlMjJldmVudHNMaXN0JTIyJTNFJTNDJTJGZGl2JTNF[\/vc_raw_html][\/vc_column][vc_column column_width_percent=&#8221;100&#8243; gutter_size=&#8221;3&#8243; overlay_alpha=&#8221;50&#8243; shift_x=&#8221;0&#8243; shift_y=&#8221;0&#8243; shift_y_down=&#8221;0&#8243; z_index=&#8221;0&#8243; medium_width=&#8221;0&#8243; mobile_width=&#8221;0&#8243; width=&#8221;1\/3&#8243;][vc_custom_heading heading_semantic=&#8221;div&#8221; text_size=&#8221;h3&#8243;]Other events[\/vc_custom_heading][vc_column_text][\/vc_column_text][\/vc_column][\/vc_row]<\/p>\n","protected":false},"author":1,"featured_media":0,"parent":0,"menu_order":69,"comment_status":"closed","ping_status":"closed","template":"","meta":{"_acf_changed":false,"footnotes":""},"class_list":["post-1965","page","type-page","status-publish","hentry"],"acf":[],"yoast_head":"<!-- This site is optimized with the Yoast SEO plugin v27.3 - https:\/\/yoast.com\/product\/yoast-seo-wordpress\/ -->\n<title>Events - Trust Valley<\/title>\n<meta name=\"description\" content=\"Trust Valley events in the fields of digital trust and cybersecurity.\" \/>\n<meta name=\"robots\" content=\"index, follow, max-snippet:-1, max-image-preview:large, max-video-preview:-1\" \/>\n<link rel=\"canonical\" href=\"https:\/\/trustvalley.swiss\/en\/evenements\/\" \/>\n<meta property=\"og:locale\" content=\"en_US\" \/>\n<meta property=\"og:type\" content=\"article\" \/>\n<meta property=\"og:title\" content=\"Events - Trust Valley\" \/>\n<meta property=\"og:description\" content=\"Trust Valley events in the fields of digital trust and cybersecurity.\" \/>\n<meta property=\"og:url\" content=\"https:\/\/trustvalley.swiss\/en\/evenements\/\" \/>\n<meta property=\"og:site_name\" content=\"Trust Valley\" \/>\n<meta property=\"article:modified_time\" content=\"2024-04-12T08:39:05+00:00\" \/>\n<meta name=\"twitter:card\" content=\"summary_large_image\" \/>\n<meta name=\"twitter:label1\" content=\"Est. reading time\" \/>\n\t<meta name=\"twitter:data1\" content=\"1 minute\" \/>\n<script type=\"application\/ld+json\" class=\"yoast-schema-graph\">{\"@context\":\"https:\\\/\\\/schema.org\",\"@graph\":[{\"@type\":\"WebPage\",\"@id\":\"https:\\\/\\\/trustvalley.swiss\\\/en\\\/evenements\\\/\",\"url\":\"https:\\\/\\\/trustvalley.swiss\\\/en\\\/evenements\\\/\",\"name\":\"Events - Trust Valley\",\"isPartOf\":{\"@id\":\"https:\\\/\\\/trustvalley.swiss\\\/en\\\/#website\"},\"datePublished\":\"2020-06-16T15:02:49+00:00\",\"dateModified\":\"2024-04-12T08:39:05+00:00\",\"description\":\"Trust Valley events in the fields of digital trust and cybersecurity.\",\"breadcrumb\":{\"@id\":\"https:\\\/\\\/trustvalley.swiss\\\/en\\\/evenements\\\/#breadcrumb\"},\"inLanguage\":\"en-US\",\"potentialAction\":[{\"@type\":\"ReadAction\",\"target\":[\"https:\\\/\\\/trustvalley.swiss\\\/en\\\/evenements\\\/\"]}]},{\"@type\":\"BreadcrumbList\",\"@id\":\"https:\\\/\\\/trustvalley.swiss\\\/en\\\/evenements\\\/#breadcrumb\",\"itemListElement\":[{\"@type\":\"ListItem\",\"position\":1,\"name\":\"Accueil\",\"item\":\"https:\\\/\\\/trustvalley.swiss\\\/en\\\/\"},{\"@type\":\"ListItem\",\"position\":2,\"name\":\"Events\"}]},{\"@type\":\"WebSite\",\"@id\":\"https:\\\/\\\/trustvalley.swiss\\\/en\\\/#website\",\"url\":\"https:\\\/\\\/trustvalley.swiss\\\/en\\\/\",\"name\":\"Trust Valley\",\"description\":\"Trust Valley\",\"potentialAction\":[{\"@type\":\"SearchAction\",\"target\":{\"@type\":\"EntryPoint\",\"urlTemplate\":\"https:\\\/\\\/trustvalley.swiss\\\/en\\\/?s={search_term_string}\"},\"query-input\":{\"@type\":\"PropertyValueSpecification\",\"valueRequired\":true,\"valueName\":\"search_term_string\"}}],\"inLanguage\":\"en-US\"}]}<\/script>\n<!-- \/ Yoast SEO plugin. -->","yoast_head_json":{"title":"Events - Trust Valley","description":"Trust Valley events in the fields of digital trust and cybersecurity.","robots":{"index":"index","follow":"follow","max-snippet":"max-snippet:-1","max-image-preview":"max-image-preview:large","max-video-preview":"max-video-preview:-1"},"canonical":"https:\/\/trustvalley.swiss\/en\/evenements\/","og_locale":"en_US","og_type":"article","og_title":"Events - Trust Valley","og_description":"Trust Valley events in the fields of digital trust and cybersecurity.","og_url":"https:\/\/trustvalley.swiss\/en\/evenements\/","og_site_name":"Trust Valley","article_modified_time":"2024-04-12T08:39:05+00:00","twitter_card":"summary_large_image","twitter_misc":{"Est. reading time":"1 minute"},"schema":{"@context":"https:\/\/schema.org","@graph":[{"@type":"WebPage","@id":"https:\/\/trustvalley.swiss\/en\/evenements\/","url":"https:\/\/trustvalley.swiss\/en\/evenements\/","name":"Events - Trust Valley","isPartOf":{"@id":"https:\/\/trustvalley.swiss\/en\/#website"},"datePublished":"2020-06-16T15:02:49+00:00","dateModified":"2024-04-12T08:39:05+00:00","description":"Trust Valley events in the fields of digital trust and cybersecurity.","breadcrumb":{"@id":"https:\/\/trustvalley.swiss\/en\/evenements\/#breadcrumb"},"inLanguage":"en-US","potentialAction":[{"@type":"ReadAction","target":["https:\/\/trustvalley.swiss\/en\/evenements\/"]}]},{"@type":"BreadcrumbList","@id":"https:\/\/trustvalley.swiss\/en\/evenements\/#breadcrumb","itemListElement":[{"@type":"ListItem","position":1,"name":"Accueil","item":"https:\/\/trustvalley.swiss\/en\/"},{"@type":"ListItem","position":2,"name":"Events"}]},{"@type":"WebSite","@id":"https:\/\/trustvalley.swiss\/en\/#website","url":"https:\/\/trustvalley.swiss\/en\/","name":"Trust Valley","description":"Trust Valley","potentialAction":[{"@type":"SearchAction","target":{"@type":"EntryPoint","urlTemplate":"https:\/\/trustvalley.swiss\/en\/?s={search_term_string}"},"query-input":{"@type":"PropertyValueSpecification","valueRequired":true,"valueName":"search_term_string"}}],"inLanguage":"en-US"}]}},"_links":{"self":[{"href":"https:\/\/trustvalley.swiss\/en\/wp-json\/wp\/v2\/pages\/1965","targetHints":{"allow":["GET"]}}],"collection":[{"href":"https:\/\/trustvalley.swiss\/en\/wp-json\/wp\/v2\/pages"}],"about":[{"href":"https:\/\/trustvalley.swiss\/en\/wp-json\/wp\/v2\/types\/page"}],"author":[{"embeddable":true,"href":"https:\/\/trustvalley.swiss\/en\/wp-json\/wp\/v2\/users\/1"}],"replies":[{"embeddable":true,"href":"https:\/\/trustvalley.swiss\/en\/wp-json\/wp\/v2\/comments?post=1965"}],"version-history":[{"count":3,"href":"https:\/\/trustvalley.swiss\/en\/wp-json\/wp\/v2\/pages\/1965\/revisions"}],"predecessor-version":[{"id":11560,"href":"https:\/\/trustvalley.swiss\/en\/wp-json\/wp\/v2\/pages\/1965\/revisions\/11560"}],"wp:attachment":[{"href":"https:\/\/trustvalley.swiss\/en\/wp-json\/wp\/v2\/media?parent=1965"}],"curies":[{"name":"wp","href":"https:\/\/api.w.org\/{rel}","templated":true}]}}