{"id":1961,"date":"2020-06-16T17:01:59","date_gmt":"2020-06-16T15:01:59","guid":{"rendered":"https:\/\/digitaltrustvalley.ch\/actualites\/"},"modified":"2021-04-28T09:25:00","modified_gmt":"2021-04-28T07:25:00","slug":"news","status":"publish","type":"page","link":"https:\/\/trustvalley.swiss\/en\/news\/","title":{"rendered":"News"},"content":{"rendered":"<div class=\"wpb-content-wrapper\"><p>[vc_row row_height_percent=&#8221;0&#8243; back_image_auto=&#8221;yes&#8221; overlay_alpha=&#8221;50&#8243; gutter_size=&#8221;3&#8243; column_width_percent=&#8221;100&#8243; shift_y=&#8221;0&#8243; z_index=&#8221;0&#8243;][vc_column width=&#8221;2\/3&#8243;][uncode_index el_id=&#8221;index-534565&#8243; loop=&#8221;size:30|order_by:date|order:DESC|post_type:post|taxonomy_count:10&#8243; style_preset=&#8221;metro&#8221; gutter_size=&#8221;3&#8243; post_items=&#8221;media|featured|onpost|original,date,title,text|full|120,link|link|default_size|outline&#8221; screen_lg=&#8221;1000&#8243; screen_md=&#8221;600&#8243; screen_sm=&#8221;480&#8243; single_width=&#8221;8&#8243; single_height=&#8221;6&#8243; single_overlay_opacity=&#8221;50&#8243; single_padding=&#8221;2&#8243; items=&#8221;eyIxNzg4X2kiOnsic2luZ2xlX2xpbmsiOiJ1cmw6aHR0cHMlM0ElMkYlMkZ3d3cuMjRoZXVyZXMuY2glMkZsZXBmbC1lbnRyZS1kYW5zLWxlLXRvcC0xNS1tb25kaWFsLTY5MzUyMDU3MDk2Nnx8fCJ9LCIxMjkzX2kiOnsic2luZ2xlX2xpbmsiOiJ1cmw6aHR0cHMlM0ElMkYlMkZ3d3cubmFncmEuY29tJTJGbWVkaWEtY2VudGVyJTJGcHJlc3MtcmVsZWFzZXMlMkZrdWRlbHNraS1zZWN1cml0eS1leHRlbmRzLXNlY3VyaXR5LWRldmljZS1zdXBwb3J0LWFuZC1tYW5hZ2VtZW50fHx8In0sIjE3ODlfaSI6eyJzaW5nbGVfbGluayI6InVybDpodHRwcyUzQSUyRiUyRnd3dy4yNGhldXJlcy5jaCUyRmxlcGZsLWVudHJlLWRhbnMtbGUtdG9wLTE1LW1vbmRpYWwtNjkzNTIwNTcwOTY2fHx0YXJnZXQ6JTIwX2JsYW5rfCJ9LCIyNDM1X2kiOnsic2luZ2xlX2xpbmsiOiJ1cmw6aHR0cHMlM0ElMkYlMkZ3d3cuc3dpc3NpbmZvLmNoJTJGZW5nJTJGanVtcC1pbi1jeWJlci1hdHRhY2tzLWR1cmluZy1jb3ZpZC0xOS1jb25maW5lbWVudCUyRjQ1ODE4Nzk0fHx0YXJnZXQ6JTIwX2JsYW5rfCJ9LCIyMjEzX2kiOnsic2luZ2xlX2xpbmsiOiJ1cmw6aHR0cHMlM0ElMkYlMkZ3d3cuMjRoZXVyZXMuY2glMkZzdWlzc2UlMkZzdWlzc2Utcm9tYW5kZSUyRnN3aXNzLWN5YmVyLXNlY3VyaXR5LWRheXMtcmV0b3VyLWZyaWJvdXJnJTJGc3RvcnklMkYxNTc0MTg0OXx8dGFyZ2V0OiUyMF9ibGFua3wifSwiMTU5OF9pIjp7InNpbmdsZV9saW5rIjoidXJsOmh0dHBzJTNBJTJGJTJGd3d3Lm5hZ3JhLmNvbSUyRm1lZGlhLWNlbnRlciUyRnByZXNzLXJlbGVhc2VzJTJGa3VkZWxza2ktc2VjdXJpdHktZXh0ZW5kcy1zZWN1cml0eS1kZXZpY2Utc3VwcG9ydC1hbmQtbWFuYWdlbWVudHx8dGFyZ2V0OiUyMF9ibGFua3wifSwiMjU1M19pIjp7InNpbmdsZV9saW5rIjoidXJsOmh0dHBzJTNBJTJGJTJGd3d3LmljdGpvdXJuYWwuY2glMkZuZXdzJTJGMjAyMC0wNy0wMSUyRmxhLWNvbmZlZGVyYXRpb24tY3JlZS1sZS1jZW50cmUtbmF0aW9uYWwtcG91ci1sYS1jeWJlcnNlY3VyaXRlfHx0YXJnZXQ6JTIwX2JsYW5rfCJ9LCIyNjU3X2kiOnsic2luZ2xlX2xpbmsiOiJ1cmw6aHR0cHMlM0ElMkYlMkZhY3R1LmVwZmwuY2glMkZuZXdzJTJGYS1zZWN1cmUtZGVjZW50cmFsaXplZC1zZWFyY2gtZW5naW5lLWZvci1qb3VybmFsaXMlMkZ8fHRhcmdldDolMjBfYmxhbmt8In0sIjI2NzJfaSI6eyJzaW5nbGVfbGluayI6InVybDpodHRwcyUzQSUyRiUyRnd3dy5maW5hbmNlbWFnbmF0ZXMuY29tJTJGY3J5cHRvY3VycmVuY3klMkZtZXRhY28tcmFpc2VzLTE3bS1pbi1zZXJpZXMtYS1mdW5kaW5nLXJvdW5kJTJGfHx0YXJnZXQ6JTIwX2JsYW5rfCJ9LCIyNjgxX2kiOnsic2luZ2xlX2xpbmsiOiJ1cmw6aHR0cHMlM0ElMkYlMkZ3d3cuc3RhcnR1cHRpY2tlci5jaCUyRmVuJTJGbmV3cyUyRmp1bHktMjAyMCUyRmhhbGYtYS1taWxsaW9uLXRvLWZ1cnRoZXItYm9vc3QtY3lzZWMtZ3Jvd3RofHx0YXJnZXQ6JTIwX2JsYW5rfCJ9LCIyNzEwX2kiOnsic2luZ2xlX2xpbmsiOiJ1cmw6aHR0cHMlM0ElMkYlMkZ3d3cuYXIuYWRtaW4uY2glMkZlbiUyRmhvbWUuZGV0YWlsLm5ld3MuaHRtbCUyRmFyLWludGVybmV0JTJGbmV3cy0yMDIwJTJGbmV3cy13LXQlMkZjeWJlci1zdGFydHVwLWNoYWxsZW5nZS5odG1sfHx0YXJnZXQ6JTIwX2JsYW5rfCJ9LCIzNTI5X2kiOnsic2luZ2xlX2xpbmsiOiJ1cmw6aHR0cHMlM0ElMkYlMkZ3d3cuc3RhcnR1cHRpY2tlci5jaCUyRmVuJTJGbmV3cyUyRm9jdG9iZXItMjAyMCUyRmEtbmV3LWZ1bmQtZm9yLWVhcmx5LXN0YWdlLWRpZ2l0YWwtYXNzZXRzfHx0YXJnZXQ6JTIwX2JsYW5rfCJ9LCIzNjYyX2kiOnsic2luZ2xlX2xpbmsiOiJ1cmw6aHR0cHMlM0ElMkYlMkZ3d3cuc3RhcnR1cHRpY2tlci5jaCUyRmVuJTJGbmV3cyUyRmRlY2VtYmVyLTIwMjAlMkZuZXRndWFyZGlhbnMtcmFpc2VzLWNoZi0xN20tdG8tZmlnaHQtZnJhdWR8fHRhcmdldDolMjBfYmxhbmt8In0sIjM2NjBfaSI6eyJzaW5nbGVfbGluayI6InVybDpodHRwcyUzQSUyRiUyRnd3dy5wcnl2LmNvbSUyRjIwMjAlMkYxMiUyRjA4JTJGcHJ5di1pby1vcGVuLXNvdXJjZS1zb2x1dGlvbi1ub3ctYXZhaWxhYmxlLW9uLWV4b3NjYWxlLWNsb3VkLXBsYXRmb3JtJTJGfHx0YXJnZXQ6JTIwX2JsYW5rfCJ9LCIzNjUwX2kiOnsic2luZ2xlX2xpbmsiOiJ1cmw6aHR0cHMlM0ElMkYlMkZkdW9rZXkuY2glMkZkdW9rZXktc2VwaW9yLW8zNjUlMkZ8fHwifSwiMzY0OF9pIjp7InNpbmdsZV9saW5rIjoidXJsOmh0dHBzJTNBJTJGJTJGd3d3LnN0YXJ0dXB0aWNrZXIuY2glMkZlbiUyRm5ld3MlMkZvY3RvYmVyLTIwMjAlMkZsZWFkaW5nLXByaXZhdGUtYmFua3Mtam9pbi13ZWNhbi1jb21wbHl8fHRhcmdldDolMjBfYmxhbmt8In0sIjM2MzhfaSI6eyJzaW5nbGVfbGluayI6InVybDpodHRwcyUzQSUyRiUyRnd3dy5wcnl2LmNvbSUyRjIwMjAlMkYxMCUyRjA2JTJGcHJ5di1hbmQtY3lzZWMtbGF1bmNoLWFuLWludGVncmF0ZWQtc29sdXRpb24tZm9yLWNvbGxlY3Rpb24tYW5kLWNvbmZpZGVudGlhbC1jb21wdXRpbmctb2YtcGVyc29uYWwtZGF0YS1hdC1zY2FsZSUyRnx8dGFyZ2V0OiUyMF9ibGFua3wifSwiMzYzNV9pIjp7InNpbmdsZV9saW5rIjoidXJsOmh0dHBzJTNBJTJGJTJGd3d3LnN3aXNzaW5mby5jaCUyRmVuZyUyRmJ1c2luZXNzJTJGc3dpdHplcmxhbmQtcy1uZXctY3liZXJzZWN1cml0eS1jZW50cmUtaXMtYS1zdGVwLWluLXRoZS1yaWdodC1kaXJlY3Rpb24lMkY0NjAxNjQ0NHx8dGFyZ2V0OiUyMF9ibGFua3wifX0=&#8221; order_ids=&#8221;3399,3662,3660,3650,3648,3638,3635,1789,1598,3529,2710,2681,2672,2657,2553,2435,2213,2431&#8243;][\/vc_column][vc_column width=&#8221;1\/3&#8243;][vc_custom_heading heading_semantic=&#8221;div&#8221; text_size=&#8221;h3&#8243;]Other news[\/vc_custom_heading][vc_column_text]<div class=\"wp-rss-template-container\" data-wpra-template=\"default\" data-template-ctx=\"eyJmZWVkcyI6ImVwZmwifQ==\">\n    <div class=\"wp-rss-aggregator wpra-list-template  \" data-page=\"1\">\n    \n    \n<ul class=\"wpra-item-list rss-aggregator wpra-item-list--bullets wpra-item-list--default\"\n    start=\"1\">\n                        <li class=\"wpra-item feed-item \">\n            \n            \n\n    <a  href=\"https:\/\/c4dt.epfl.ch\/reshuffle-who-wins-when-ai-restacks-the-knowledge-economy-2025\/\" target=\"_blank\" rel=\"nofollow\" class=\"\">Reshuffle: Who wins when AI restacks the knowledge economy (2025)<\/a>\n\n\n\n\n\n\n<div class=\"wprss-feed-meta\">\n            <span class=\"feed-source\">\n            Source:\n\n                            News EPFL\n                    <\/span>\n    \n            <span class=\"feed-date\">\n            Published on 2026-04-02\n        <\/span>\n    \n    <\/div>\n\n\n\n\n\n            \n        <\/li>\n                    <li class=\"wpra-item feed-item \">\n            \n            \n\n    <a  href=\"https:\/\/c4dt.epfl.ch\/les-paiement-suisses-dependent-des-geants-americains\/\" target=\"_blank\" rel=\"nofollow\" class=\"\">Les paiement suisses d\u00e9pendent des g\u00e9ants am\u00e9ricains<\/a>\n\n\n\n\n\n\n<div class=\"wprss-feed-meta\">\n            <span class=\"feed-source\">\n            Source:\n\n                            News EPFL\n                    <\/span>\n    \n            <span class=\"feed-date\">\n            Published on 2026-03-31\n        <\/span>\n    \n    <\/div>\n\n\n\n\n\n            \n        <\/li>\n                    <li class=\"wpra-item feed-item \">\n            \n            \n\n    <a  href=\"https:\/\/c4dt.epfl.ch\/the-myth-of-neutrality-in-generative-ai\/\" target=\"_blank\" rel=\"nofollow\" class=\"\">The myth of neutrality in Generative AI<\/a>\n\n\n\n\n\n\n<div class=\"wprss-feed-meta\">\n            <span class=\"feed-source\">\n            Source:\n\n                            News EPFL\n                    <\/span>\n    \n            <span class=\"feed-date\">\n            Published on 2026-03-24\n        <\/span>\n    \n    <\/div>\n\n\n\n\n\n            \n        <\/li>\n                    <li class=\"wpra-item feed-item \">\n            \n            \n\n    <a  href=\"https:\/\/c4dt.epfl.ch\/c4dt-annual-report-2025-is-out\/\" target=\"_blank\" rel=\"nofollow\" class=\"\">C4DT Annual Report 2025 is out !<\/a>\n\n\n\n\n\n\n<div class=\"wprss-feed-meta\">\n            <span class=\"feed-source\">\n            Source:\n\n                            News EPFL\n                    <\/span>\n    \n            <span class=\"feed-date\">\n            Published on 2026-03-18\n        <\/span>\n    \n    <\/div>\n\n\n\n\n\n            \n        <\/li>\n                    <li class=\"wpra-item feed-item \">\n            \n            \n\n    <a  href=\"https:\/\/c4dt.epfl.ch\/ai-good-servant-bad-master\/\" target=\"_blank\" rel=\"nofollow\" class=\"\">\u201cAI, good servant, bad master\u201d<\/a>\n\n\n\n\n\n\n<div class=\"wprss-feed-meta\">\n            <span class=\"feed-source\">\n            Source:\n\n                            News EPFL\n                    <\/span>\n    \n            <span class=\"feed-date\">\n            Published on 2026-03-16\n        <\/span>\n    \n    <\/div>\n\n\n\n\n\n            \n        <\/li>\n                    <li class=\"wpra-item feed-item \">\n            \n            \n\n    <a  href=\"https:\/\/c4dt.epfl.ch\/projet-phishing-des-solutions-pour-mieux-se-proteger-des-attaques-cybercriminelles\/\" target=\"_blank\" rel=\"nofollow\" class=\"\">Projet Phishing, des solutions pour mieux se prot\u00e9ger des attaques cybercriminelles<\/a>\n\n\n\n\n\n\n<div class=\"wprss-feed-meta\">\n            <span class=\"feed-source\">\n            Source:\n\n                            News EPFL\n                    <\/span>\n    \n            <span class=\"feed-date\">\n            Published on 2026-02-13\n        <\/span>\n    \n    <\/div>\n\n\n\n\n\n            \n        <\/li>\n                    <li class=\"wpra-item feed-item \">\n            \n            \n\n    <a  href=\"https:\/\/c4dt.epfl.ch\/the-new-c4dt-observer-no-17-titled-quantum-demystified-is-now-available\/\" target=\"_blank\" rel=\"nofollow\" class=\"\">The new C4DT Observer No. 17, titled \u201cQuantum demystified\u201d is now available!<\/a>\n\n\n\n\n\n\n<div class=\"wprss-feed-meta\">\n            <span class=\"feed-source\">\n            Source:\n\n                            News EPFL\n                    <\/span>\n    \n            <span class=\"feed-date\">\n            Published on 2026-02-12\n        <\/span>\n    \n    <\/div>\n\n\n\n\n\n            \n        <\/li>\n                    <li class=\"wpra-item feed-item \">\n            \n            \n\n    <a  href=\"https:\/\/c4dt.epfl.ch\/new-c4dt-observer-16-entitled-agentic-ai-is-out\/\" target=\"_blank\" rel=\"nofollow\" class=\"\">New C4DT Observer #16 , entitled \u201cAgentic AI\u201d, is out !<\/a>\n\n\n\n\n\n\n<div class=\"wprss-feed-meta\">\n            <span class=\"feed-source\">\n            Source:\n\n                            News EPFL\n                    <\/span>\n    \n            <span class=\"feed-date\">\n            Published on 2026-01-20\n        <\/span>\n    \n    <\/div>\n\n\n\n\n\n            \n        <\/li>\n                    <li class=\"wpra-item feed-item \">\n            \n            \n\n    <a  href=\"https:\/\/c4dt.epfl.ch\/digitalization-doesnt-mean-being-connected-or-controlled-2\/\" target=\"_blank\" rel=\"nofollow\" class=\"\">\u201cDigitalization doesn\u2019t mean being connected or controlled\u201d<\/a>\n\n\n\n\n\n\n<div class=\"wprss-feed-meta\">\n            <span class=\"feed-source\">\n            Source:\n\n                            News EPFL\n                    <\/span>\n    \n            <span class=\"feed-date\">\n            Published on 2026-01-15\n        <\/span>\n    \n    <\/div>\n\n\n\n\n\n            \n        <\/li>\n                    <li class=\"wpra-item feed-item \">\n            \n            \n\n    <a  href=\"https:\/\/c4dt.epfl.ch\/digitalization-doesnt-mean-being-connected-or-controlled\/\" target=\"_blank\" rel=\"nofollow\" class=\"\">\u201cDigitalization doesn\u2019t mean being connected or controlled\u201d<\/a>\n\n\n\n\n\n\n<div class=\"wprss-feed-meta\">\n            <span class=\"feed-source\">\n            Source:\n\n                            News EPFL\n                    <\/span>\n    \n            <span class=\"feed-date\">\n            Published on 2026-01-15\n        <\/span>\n    \n    <\/div>\n\n\n\n\n\n            \n        <\/li>\n                    <li class=\"wpra-item feed-item \">\n            \n            \n\n    <a  href=\"https:\/\/c4dt.epfl.ch\/c4dt-focus-10-entitled-swiss-democracy-faces-its-digital-crossroads-is-out\/\" target=\"_blank\" rel=\"nofollow\" class=\"\">C4DT Focus #10, entitled \u201cSwiss democracy faces its digital crossroads\u201d, is out!<\/a>\n\n\n\n\n\n\n<div class=\"wprss-feed-meta\">\n            <span class=\"feed-source\">\n            Source:\n\n                            News EPFL\n                    <\/span>\n    \n            <span class=\"feed-date\">\n            Published on 2025-12-18\n        <\/span>\n    \n    <\/div>\n\n\n\n\n\n            \n        <\/li>\n                    <li class=\"wpra-item feed-item \">\n            \n            \n\n    <a  href=\"https:\/\/c4dt.epfl.ch\/dtangle-hafnova-join-the-c4dt-through-its-start-up-program\/\" target=\"_blank\" rel=\"nofollow\" class=\"\">Dtangle &amp; Hafnova join the C4DT through its Start-up Program<\/a>\n\n\n\n\n\n\n<div class=\"wprss-feed-meta\">\n            <span class=\"feed-source\">\n            Source:\n\n                            News EPFL\n                    <\/span>\n    \n            <span class=\"feed-date\">\n            Published on 2025-12-17\n        <\/span>\n    \n    <\/div>\n\n\n\n\n\n            \n        <\/li>\n                    <li class=\"wpra-item feed-item \">\n            \n            \n\n    <a  href=\"https:\/\/c4dt.epfl.ch\/do-we-really-need-big-data-centers-for-ai\/\" target=\"_blank\" rel=\"nofollow\" class=\"\">Do we really need big data centers for AI?<\/a>\n\n\n\n\n\n\n<div class=\"wprss-feed-meta\">\n            <span class=\"feed-source\">\n            Source:\n\n                            News EPFL\n                    <\/span>\n    \n            <span class=\"feed-date\">\n            Published on 2025-12-16\n        <\/span>\n    \n    <\/div>\n\n\n\n\n\n            \n        <\/li>\n                    <li class=\"wpra-item feed-item \">\n            \n            \n\n    <a  href=\"https:\/\/c4dt.epfl.ch\/13th-call-for-proposals-cyber-defence-cyd-fellowships\/\" target=\"_blank\" rel=\"nofollow\" class=\"\">13th Call for Proposals \u2013 Cyber-Defence (CYD) Fellowships<\/a>\n\n\n\n\n\n\n<div class=\"wprss-feed-meta\">\n            <span class=\"feed-source\">\n            Source:\n\n                            News EPFL\n                    <\/span>\n    \n            <span class=\"feed-date\">\n            Published on 2025-12-16\n        <\/span>\n    \n    <\/div>\n\n\n\n\n\n            \n        <\/li>\n                    <li class=\"wpra-item feed-item \">\n            \n            \n\n    <a  href=\"https:\/\/c4dt.epfl.ch\/recordings-of-c4dt-conference-on-anticipating-the-agentic-era-assessing-the-disruptions-by-ai-agents-now-online\/\" target=\"_blank\" rel=\"nofollow\" class=\"\">Recordings of C4DT Conference on \u201cAnticipating the Agentic Era: Assessing the Disruptions by AI Agents\u201d now online!<\/a>\n\n\n\n\n\n\n<div class=\"wprss-feed-meta\">\n            <span class=\"feed-source\">\n            Source:\n\n                            News EPFL\n                    <\/span>\n    \n            <span class=\"feed-date\">\n            Published on 2025-11-27\n        <\/span>\n    \n    <\/div>\n\n\n\n\n\n            \n        <\/li>\n        <\/ul>\n\n        \n<\/div>\n\n<\/div>\n[\/vc_column_text][\/vc_column][\/vc_row]<\/p>\n<\/div>","protected":false},"excerpt":{"rendered":"<p>[vc_row row_height_percent=&#8221;0&#8243; back_image_auto=&#8221;yes&#8221; overlay_alpha=&#8221;50&#8243; gutter_size=&#8221;3&#8243; column_width_percent=&#8221;100&#8243; shift_y=&#8221;0&#8243; z_index=&#8221;0&#8243;][vc_column width=&#8221;2\/3&#8243;][uncode_index el_id=&#8221;index-534565&#8243; loop=&#8221;size:30|order_by:date|order:DESC|post_type:post|taxonomy_count:10&#8243; style_preset=&#8221;metro&#8221; gutter_size=&#8221;3&#8243; post_items=&#8221;media|featured|onpost|original,date,title,text|full|120,link|link|default_size|outline&#8221; screen_lg=&#8221;1000&#8243; screen_md=&#8221;600&#8243; screen_sm=&#8221;480&#8243; single_width=&#8221;8&#8243; single_height=&#8221;6&#8243; single_overlay_opacity=&#8221;50&#8243; [&hellip;]<\/p>\n","protected":false},"author":1,"featured_media":0,"parent":0,"menu_order":60,"comment_status":"closed","ping_status":"closed","template":"","meta":{"_acf_changed":false,"footnotes":""},"class_list":["post-1961","page","type-page","status-publish","hentry"],"acf":[],"yoast_head":"<!-- This site is optimized with the Yoast SEO plugin v27.3 - https:\/\/yoast.com\/product\/yoast-seo-wordpress\/ -->\n<title>News - Trust Valley<\/title>\n<meta name=\"robots\" content=\"index, follow, max-snippet:-1, max-image-preview:large, max-video-preview:-1\" \/>\n<link rel=\"canonical\" href=\"https:\/\/trustvalley.swiss\/en\/news\/\" \/>\n<meta property=\"og:locale\" content=\"en_US\" \/>\n<meta property=\"og:type\" content=\"article\" \/>\n<meta property=\"og:title\" content=\"News - Trust Valley\" \/>\n<meta property=\"og:description\" content=\"[vc_row row_height_percent=&#8221;0&#8243; back_image_auto=&#8221;yes&#8221; overlay_alpha=&#8221;50&#8243; gutter_size=&#8221;3&#8243; column_width_percent=&#8221;100&#8243; shift_y=&#8221;0&#8243; z_index=&#8221;0&#8243;][vc_column width=&#8221;2\/3&#8243;][uncode_index el_id=&#8221;index-534565&#8243; loop=&#8221;size:30|order_by:date|order:DESC|post_type:post|taxonomy_count:10&#8243; style_preset=&#8221;metro&#8221; gutter_size=&#8221;3&#8243; post_items=&#8221;media|featured|onpost|original,date,title,text|full|120,link|link|default_size|outline&#8221; screen_lg=&#8221;1000&#8243; screen_md=&#8221;600&#8243; screen_sm=&#8221;480&#8243; single_width=&#8221;8&#8243; single_height=&#8221;6&#8243; single_overlay_opacity=&#8221;50&#8243; [&hellip;]\" \/>\n<meta property=\"og:url\" content=\"https:\/\/trustvalley.swiss\/en\/news\/\" \/>\n<meta property=\"og:site_name\" content=\"Trust Valley\" \/>\n<meta property=\"article:modified_time\" content=\"2021-04-28T07:25:00+00:00\" \/>\n<meta name=\"twitter:card\" content=\"summary_large_image\" \/>\n<meta name=\"twitter:label1\" content=\"Est. reading time\" \/>\n\t<meta name=\"twitter:data1\" content=\"1 minute\" \/>\n<script type=\"application\/ld+json\" class=\"yoast-schema-graph\">{\"@context\":\"https:\\\/\\\/schema.org\",\"@graph\":[{\"@type\":\"WebPage\",\"@id\":\"https:\\\/\\\/trustvalley.swiss\\\/en\\\/news\\\/\",\"url\":\"https:\\\/\\\/trustvalley.swiss\\\/en\\\/news\\\/\",\"name\":\"News - Trust Valley\",\"isPartOf\":{\"@id\":\"https:\\\/\\\/trustvalley.swiss\\\/en\\\/#website\"},\"datePublished\":\"2020-06-16T15:01:59+00:00\",\"dateModified\":\"2021-04-28T07:25:00+00:00\",\"breadcrumb\":{\"@id\":\"https:\\\/\\\/trustvalley.swiss\\\/en\\\/news\\\/#breadcrumb\"},\"inLanguage\":\"en-US\",\"potentialAction\":[{\"@type\":\"ReadAction\",\"target\":[\"https:\\\/\\\/trustvalley.swiss\\\/en\\\/news\\\/\"]}]},{\"@type\":\"BreadcrumbList\",\"@id\":\"https:\\\/\\\/trustvalley.swiss\\\/en\\\/news\\\/#breadcrumb\",\"itemListElement\":[{\"@type\":\"ListItem\",\"position\":1,\"name\":\"Accueil\",\"item\":\"https:\\\/\\\/trustvalley.swiss\\\/en\\\/\"},{\"@type\":\"ListItem\",\"position\":2,\"name\":\"News\"}]},{\"@type\":\"WebSite\",\"@id\":\"https:\\\/\\\/trustvalley.swiss\\\/en\\\/#website\",\"url\":\"https:\\\/\\\/trustvalley.swiss\\\/en\\\/\",\"name\":\"Trust Valley\",\"description\":\"Trust Valley\",\"potentialAction\":[{\"@type\":\"SearchAction\",\"target\":{\"@type\":\"EntryPoint\",\"urlTemplate\":\"https:\\\/\\\/trustvalley.swiss\\\/en\\\/?s={search_term_string}\"},\"query-input\":{\"@type\":\"PropertyValueSpecification\",\"valueRequired\":true,\"valueName\":\"search_term_string\"}}],\"inLanguage\":\"en-US\"}]}<\/script>\n<!-- \/ Yoast SEO plugin. -->","yoast_head_json":{"title":"News - Trust Valley","robots":{"index":"index","follow":"follow","max-snippet":"max-snippet:-1","max-image-preview":"max-image-preview:large","max-video-preview":"max-video-preview:-1"},"canonical":"https:\/\/trustvalley.swiss\/en\/news\/","og_locale":"en_US","og_type":"article","og_title":"News - Trust Valley","og_description":"[vc_row row_height_percent=&#8221;0&#8243; back_image_auto=&#8221;yes&#8221; overlay_alpha=&#8221;50&#8243; gutter_size=&#8221;3&#8243; column_width_percent=&#8221;100&#8243; shift_y=&#8221;0&#8243; z_index=&#8221;0&#8243;][vc_column width=&#8221;2\/3&#8243;][uncode_index el_id=&#8221;index-534565&#8243; loop=&#8221;size:30|order_by:date|order:DESC|post_type:post|taxonomy_count:10&#8243; style_preset=&#8221;metro&#8221; gutter_size=&#8221;3&#8243; post_items=&#8221;media|featured|onpost|original,date,title,text|full|120,link|link|default_size|outline&#8221; screen_lg=&#8221;1000&#8243; screen_md=&#8221;600&#8243; screen_sm=&#8221;480&#8243; single_width=&#8221;8&#8243; single_height=&#8221;6&#8243; single_overlay_opacity=&#8221;50&#8243; [&hellip;]","og_url":"https:\/\/trustvalley.swiss\/en\/news\/","og_site_name":"Trust Valley","article_modified_time":"2021-04-28T07:25:00+00:00","twitter_card":"summary_large_image","twitter_misc":{"Est. reading time":"1 minute"},"schema":{"@context":"https:\/\/schema.org","@graph":[{"@type":"WebPage","@id":"https:\/\/trustvalley.swiss\/en\/news\/","url":"https:\/\/trustvalley.swiss\/en\/news\/","name":"News - Trust Valley","isPartOf":{"@id":"https:\/\/trustvalley.swiss\/en\/#website"},"datePublished":"2020-06-16T15:01:59+00:00","dateModified":"2021-04-28T07:25:00+00:00","breadcrumb":{"@id":"https:\/\/trustvalley.swiss\/en\/news\/#breadcrumb"},"inLanguage":"en-US","potentialAction":[{"@type":"ReadAction","target":["https:\/\/trustvalley.swiss\/en\/news\/"]}]},{"@type":"BreadcrumbList","@id":"https:\/\/trustvalley.swiss\/en\/news\/#breadcrumb","itemListElement":[{"@type":"ListItem","position":1,"name":"Accueil","item":"https:\/\/trustvalley.swiss\/en\/"},{"@type":"ListItem","position":2,"name":"News"}]},{"@type":"WebSite","@id":"https:\/\/trustvalley.swiss\/en\/#website","url":"https:\/\/trustvalley.swiss\/en\/","name":"Trust Valley","description":"Trust Valley","potentialAction":[{"@type":"SearchAction","target":{"@type":"EntryPoint","urlTemplate":"https:\/\/trustvalley.swiss\/en\/?s={search_term_string}"},"query-input":{"@type":"PropertyValueSpecification","valueRequired":true,"valueName":"search_term_string"}}],"inLanguage":"en-US"}]}},"_links":{"self":[{"href":"https:\/\/trustvalley.swiss\/en\/wp-json\/wp\/v2\/pages\/1961","targetHints":{"allow":["GET"]}}],"collection":[{"href":"https:\/\/trustvalley.swiss\/en\/wp-json\/wp\/v2\/pages"}],"about":[{"href":"https:\/\/trustvalley.swiss\/en\/wp-json\/wp\/v2\/types\/page"}],"author":[{"embeddable":true,"href":"https:\/\/trustvalley.swiss\/en\/wp-json\/wp\/v2\/users\/1"}],"replies":[{"embeddable":true,"href":"https:\/\/trustvalley.swiss\/en\/wp-json\/wp\/v2\/comments?post=1961"}],"version-history":[{"count":0,"href":"https:\/\/trustvalley.swiss\/en\/wp-json\/wp\/v2\/pages\/1961\/revisions"}],"wp:attachment":[{"href":"https:\/\/trustvalley.swiss\/en\/wp-json\/wp\/v2\/media?parent=1961"}],"curies":[{"name":"wp","href":"https:\/\/api.w.org\/{rel}","templated":true}]}}