{"id":1625,"date":"2020-06-12T16:04:25","date_gmt":"2020-06-12T14:04:25","guid":{"rendered":"https:\/\/digitaltrustvalley.ch\/about\/"},"modified":"2021-06-28T10:05:04","modified_gmt":"2021-06-28T08:05:04","slug":"about","status":"publish","type":"page","link":"https:\/\/trustvalley.swiss\/en\/about\/","title":{"rendered":"About"},"content":{"rendered":"<div class=\"wpb-content-wrapper\"><p>[vc_row row_height_percent=&#8221;0&#8243; overlay_alpha=&#8221;50&#8243; gutter_size=&#8221;3&#8243; column_width_percent=&#8221;100&#8243; shift_y=&#8221;0&#8243; z_index=&#8221;0&#8243;][vc_column column_width_percent=&#8221;100&#8243; position_horizontal=&#8221;left&#8221; gutter_size=&#8221;3&#8243; overlay_alpha=&#8221;50&#8243; shift_x=&#8221;0&#8243; shift_y=&#8221;0&#8243; shift_y_down=&#8221;0&#8243; z_index=&#8221;0&#8243; medium_width=&#8221;0&#8243; mobile_width=&#8221;0&#8243; width=&#8221;1\/1&#8243;][vc_row_inner row_inner_height_percent=&#8221;0&#8243; overlay_alpha=&#8221;50&#8243; gutter_size=&#8221;0&#8243; shift_y=&#8221;0&#8243; z_index=&#8221;0&#8243; limit_content=&#8221;&#8221;][vc_column_inner column_width_percent=&#8221;100&#8243; gutter_size=&#8221;3&#8243; back_image=&#8221;1079&#8243; back_repeat=&#8221;no-repeat&#8221; back_position=&#8221;left top&#8221; overlay_alpha=&#8221;50&#8243; shift_x=&#8221;0&#8243; shift_y=&#8221;0&#8243; shift_y_down=&#8221;0&#8243; z_index=&#8221;3&#8243; medium_width=&#8221;0&#8243; mobile_width=&#8221;0&#8243; width=&#8221;1\/1&#8243; back_size=&#8221;auto&#8221;][vc_column_text]<span lang=\"FR-CH\">The Trust Valley is a public-private partnership aimed at promoting the excellence of the Lake Geneva region in the field of digital trust and cybersecurity.<\/span><\/p>\n<p><span lang=\"FR-CH\">Public authorities, academic institutions and economic players are joining forces to promote this unique centre of expertise and encourage the emergence of innovative projects.<\/span>[\/vc_column_text][vc_single_image media=&#8221;3711&#8243; media_width_percent=&#8221;100&#8243; alignment=&#8221;right&#8221;][\/vc_column_inner][\/vc_row_inner][\/vc_column][\/vc_row][vc_row row_height_percent=&#8221;0&#8243; back_image=&#8221;1079&#8243; back_repeat=&#8221;no-repeat&#8221; back_position=&#8221;left top&#8221; overlay_alpha=&#8221;50&#8243; gutter_size=&#8221;3&#8243; column_width_percent=&#8221;100&#8243; shift_y=&#8221;0&#8243; z_index=&#8221;0&#8243; back_size=&#8221;auto&#8221;][vc_column width=&#8221;1\/1&#8243;][vc_custom_heading]Missions[\/vc_custom_heading][vc_row_inner limit_content=&#8221;&#8221;][vc_column_inner width=&#8221;2\/3&#8243;][vc_column_text]Cooperation focuses on three main areas: the influence of this unique ecosystem, innovation and the networking of regional players in the field of digital trust and cybersecurity.[\/vc_column_text][\/vc_column_inner][\/vc_row_inner][vc_row_inner limit_content=&#8221;&#8221;][vc_column_inner column_width_percent=&#8221;100&#8243; gutter_size=&#8221;2&#8243; overlay_alpha=&#8221;50&#8243; shift_x=&#8221;0&#8243; shift_y=&#8221;0&#8243; shift_y_down=&#8221;0&#8243; z_index=&#8221;0&#8243; medium_width=&#8221;0&#8243; mobile_width=&#8221;0&#8243; width=&#8221;1\/3&#8243;][vc_icon icon_image=&#8221;283&#8243; icon_color=&#8221;accent&#8221; text_reduced=&#8221;yes&#8221; title=&#8221;Referencing&#8221; link=&#8221;url:https%3A%2F%2Ftrustvalley.swiss%2Fen%2F%23carte&#8221;]Mapping the key players in the Leman Lake region to enhance regional expertise.[\/vc_icon][\/vc_column_inner][vc_column_inner width=&#8221;1\/3&#8243;][vc_icon icon_image=&#8221;282&#8243; text_reduced=&#8221;yes&#8221; title=&#8221;Promotion&#8221; link=&#8221;url:https%3A%2F%2Ftrustvalley.swiss%2Fen%2Fecosysteme%2F%23partners&#8221;]Expand our skills base to attract new strategic players.[\/vc_icon][\/vc_column_inner][vc_column_inner width=&#8221;1\/3&#8243;][vc_icon icon_image=&#8221;285&#8243; icon_color=&#8221;color-210407&#8243; text_reduced=&#8221;yes&#8221; title=&#8221;Networking&#8221; link=&#8221;url:https%3A%2F%2Ftrustvalley.swiss%2Fen%2Fecosysteme%2F%23partners&#8221;]Federate the various stakeholders (academics, institutes, large companies, SMEs and start-ups, NGOs, etc.).[\/vc_icon][\/vc_column_inner][\/vc_row_inner][vc_row_inner limit_content=&#8221;&#8221;][vc_column_inner column_width_percent=&#8221;100&#8243; gutter_size=&#8221;2&#8243; overlay_alpha=&#8221;50&#8243; shift_x=&#8221;0&#8243; shift_y=&#8221;0&#8243; shift_y_down=&#8221;0&#8243; z_index=&#8221;0&#8243; medium_width=&#8221;0&#8243; mobile_width=&#8221;0&#8243; width=&#8221;1\/3&#8243;][vc_icon icon_image=&#8221;287&#8243; text_reduced=&#8221;yes&#8221; title=&#8221;Projects&#8221; link=&#8221;url:https%3A%2F%2Ftrustvalley.swiss%2Fen%2Fprojets%2F&#8221;]Develop different support programmes with partners.[\/vc_icon][\/vc_column_inner][vc_column_inner width=&#8221;1\/3&#8243;][vc_icon icon_image=&#8221;284&#8243; text_reduced=&#8221;yes&#8221; title=&#8221;Talents&#8221;]Ensuring the presence of talent from Switzerland and abroad.[\/vc_icon][\/vc_column_inner][vc_column_inner width=&#8221;1\/3&#8243;][vc_icon icon_image=&#8221;286&#8243; text_reduced=&#8221;yes&#8221; title=&#8221;Accommodation&#8221; link=&#8221;url:https%3A%2F%2Ftrustvalley.swiss%2Fen%2Fecosysteme%2F%23hubs&#8221;]Developing the complementarity of accommodation centres.[\/vc_icon][\/vc_column_inner][\/vc_row_inner][vc_empty_space empty_h=&#8221;2&#8243;][\/vc_column][\/vc_row][vc_row row_height_percent=&#8221;0&#8243; back_image=&#8221;1079&#8243; back_repeat=&#8221;no-repeat&#8221; back_position=&#8221;left top&#8221; overlay_alpha=&#8221;50&#8243; gutter_size=&#8221;3&#8243; column_width_percent=&#8221;100&#8243; shift_y=&#8221;0&#8243; z_index=&#8221;0&#8243; desktop_visibility=&#8221;yes&#8221; medium_visibility=&#8221;yes&#8221; mobile_visibility=&#8221;yes&#8221; back_size=&#8221;auto&#8221;][vc_column width=&#8221;1\/1&#8243;][vc_custom_heading]Gouvernance[\/vc_custom_heading][vc_row_inner limit_content=&#8221;&#8221;][vc_column_inner width=&#8221;2\/3&#8243;][vc_column_text]<span lang=\"FR-CH\">Le projet est port\u00e9 par les Cantons de Vaud et Gen\u00e8ve, l\u2019EPFL, la HEIG-VD, l\u2019UNIL, l\u2019UNIGE, SICPA, le groupe Kudelski, ELCA et SGS.<\/span>[\/vc_column_text][\/vc_column_inner][\/vc_row_inner][vc_empty_space empty_h=&#8221;1&#8243;][vc_row_inner row_inner_height_percent=&#8221;0&#8243; overlay_alpha=&#8221;50&#8243; gutter_size=&#8221;3&#8243; shift_y=&#8221;0&#8243; z_index=&#8221;0&#8243; limit_content=&#8221;&#8221;][vc_column_inner column_width_percent=&#8221;100&#8243; gutter_size=&#8221;2&#8243; overlay_alpha=&#8221;50&#8243; shift_x=&#8221;0&#8243; shift_y=&#8221;0&#8243; shift_y_down=&#8221;0&#8243; z_index=&#8221;0&#8243; medium_width=&#8221;0&#8243; mobile_width=&#8221;0&#8243; width=&#8221;1\/3&#8243;][vc_custom_heading heading_semantic=&#8221;p&#8221; text_size=&#8221;h3&#8243;]Monsieur Pierre Maudet[\/vc_custom_heading][vc_column_text]<span lang=\"FR-CH\">Conseiller d\u2019\u00c9tat genevois, charg\u00e9 du d\u00e9veloppement \u00e9conomique (DDE)<\/span>[\/vc_column_text][\/vc_column_inner][vc_column_inner column_width_percent=&#8221;100&#8243; gutter_size=&#8221;2&#8243; overlay_alpha=&#8221;50&#8243; shift_x=&#8221;0&#8243; shift_y=&#8221;0&#8243; shift_y_down=&#8221;0&#8243; z_index=&#8221;0&#8243; medium_width=&#8221;0&#8243; mobile_width=&#8221;0&#8243; width=&#8221;1\/3&#8243;][vc_custom_heading heading_semantic=&#8221;p&#8221; text_size=&#8221;h3&#8243;]M. Philippe Leuba[\/vc_custom_heading][vc_column_text]<\/p>\n<p class=\"p1\"><span lang=\"FR-CH\">Conseiller d\u2019<\/span><span lang=\"FR-CH\">\u00c9<\/span><span lang=\"FR-CH\">tat vaudois, Chef du D\u00e9partement de l&#8217;\u00e9conomie, de l&#8217;innovation et du sport (DEIS)<\/span><\/p>\n<p>[\/vc_column_text][\/vc_column_inner][vc_column_inner column_width_percent=&#8221;100&#8243; gutter_size=&#8221;2&#8243; overlay_alpha=&#8221;50&#8243; shift_x=&#8221;0&#8243; shift_y=&#8221;0&#8243; shift_y_down=&#8221;0&#8243; z_index=&#8221;0&#8243; medium_width=&#8221;0&#8243; mobile_width=&#8221;0&#8243; width=&#8221;1\/3&#8243;][vc_custom_heading heading_semantic=&#8221;p&#8221; text_size=&#8221;h3&#8243;]M. Martin Vetterli[\/vc_custom_heading][vc_column_text]Pr\u00e9sident, \u00c9cole polytechnique f\u00e9d\u00e9rale de Lausanne (EPFL)[\/vc_column_text][\/vc_column_inner][\/vc_row_inner][vc_row_inner limit_content=&#8221;&#8221;][vc_column_inner column_width_percent=&#8221;100&#8243; gutter_size=&#8221;2&#8243; overlay_alpha=&#8221;50&#8243; shift_x=&#8221;0&#8243; shift_y=&#8221;0&#8243; shift_y_down=&#8221;0&#8243; z_index=&#8221;0&#8243; medium_width=&#8221;0&#8243; mobile_width=&#8221;0&#8243; width=&#8221;1\/3&#8243;][vc_custom_heading heading_semantic=&#8221;p&#8221; text_size=&#8221;h3&#8243;]Mme Nouria Hernandez[\/vc_custom_heading][vc_column_text]Rectrice UNIL[\/vc_column_text][\/vc_column_inner][vc_column_inner column_width_percent=&#8221;100&#8243; gutter_size=&#8221;2&#8243; overlay_alpha=&#8221;50&#8243; shift_x=&#8221;0&#8243; shift_y=&#8221;0&#8243; shift_y_down=&#8221;0&#8243; z_index=&#8221;0&#8243; medium_width=&#8221;0&#8243; mobile_width=&#8221;0&#8243; width=&#8221;1\/3&#8243;][vc_custom_heading heading_semantic=&#8221;p&#8221; text_size=&#8221;h3&#8243;]Mme Catherine Hirsch[\/vc_custom_heading][vc_column_text]Directrice g\u00e9n\u00e9rale HEIG-VD[\/vc_column_text][\/vc_column_inner][vc_column_inner column_width_percent=&#8221;100&#8243; gutter_size=&#8221;2&#8243; overlay_alpha=&#8221;50&#8243; shift_x=&#8221;0&#8243; shift_y=&#8221;0&#8243; shift_y_down=&#8221;0&#8243; z_index=&#8221;0&#8243; medium_width=&#8221;0&#8243; mobile_width=&#8221;0&#8243; width=&#8221;1\/3&#8243;][vc_custom_heading heading_semantic=&#8221;p&#8221; text_size=&#8221;h3&#8243;]M. Amon[\/vc_custom_heading][vc_column_text]Pr\u00e9sident et DG, SICPA[\/vc_column_text][\/vc_column_inner][\/vc_row_inner][vc_row_inner limit_content=&#8221;&#8221;][vc_column_inner column_width_percent=&#8221;100&#8243; gutter_size=&#8221;2&#8243; overlay_alpha=&#8221;50&#8243; shift_x=&#8221;0&#8243; shift_y=&#8221;0&#8243; shift_y_down=&#8221;0&#8243; z_index=&#8221;0&#8243; medium_width=&#8221;0&#8243; mobile_width=&#8221;0&#8243; width=&#8221;1\/3&#8243;][vc_custom_heading heading_semantic=&#8221;p&#8221; text_size=&#8221;h3&#8243;]M. Andr\u00e9 Kudelski[\/vc_custom_heading][vc_column_text]Pr\u00e9sident et DG, Kudelski[\/vc_column_text][\/vc_column_inner][vc_column_inner column_width_percent=&#8221;100&#8243; gutter_size=&#8221;2&#8243; overlay_alpha=&#8221;50&#8243; shift_x=&#8221;0&#8243; shift_y=&#8221;0&#8243; shift_y_down=&#8221;0&#8243; z_index=&#8221;0&#8243; medium_width=&#8221;0&#8243; mobile_width=&#8221;0&#8243; width=&#8221;1\/3&#8243;][vc_custom_heading heading_semantic=&#8221;p&#8221; text_size=&#8221;h3&#8243;]Monsieur Gerald Vernez[\/vc_custom_heading][vc_column_text]Conf\u00e9d\u00e9ration, D\u00e9partement f\u00e9d\u00e9ral de la d\u00e9fense, de la protection de la population et des sports (DDPS)[\/vc_column_text][\/vc_column_inner][vc_column_inner column_width_percent=&#8221;100&#8243; gutter_size=&#8221;2&#8243; overlay_alpha=&#8221;50&#8243; shift_x=&#8221;0&#8243; shift_y=&#8221;0&#8243; shift_y_down=&#8221;0&#8243; z_index=&#8221;0&#8243; medium_width=&#8221;0&#8243; mobile_width=&#8221;0&#8243; width=&#8221;1\/3&#8243;][\/vc_column_inner][\/vc_row_inner][vc_empty_space empty_h=&#8221;3&#8243;][\/vc_column][\/vc_row][vc_row row_height_percent=&#8221;0&#8243; back_image=&#8221;1079&#8243; back_repeat=&#8221;no-repeat&#8221; back_position=&#8221;left top&#8221; overlay_alpha=&#8221;50&#8243; gutter_size=&#8221;3&#8243; column_width_percent=&#8221;100&#8243; shift_y=&#8221;0&#8243; z_index=&#8221;0&#8243; desktop_visibility=&#8221;yes&#8221; medium_visibility=&#8221;yes&#8221; mobile_visibility=&#8221;yes&#8221; back_size=&#8221;auto&#8221;][vc_column width=&#8221;1\/1&#8243;][vc_custom_heading]Comit\u00e9 de projet[\/vc_custom_heading][vc_empty_space empty_h=&#8221;1&#8243;][vc_row_inner limit_content=&#8221;&#8221;][vc_column_inner column_width_percent=&#8221;100&#8243; gutter_size=&#8221;2&#8243; overlay_alpha=&#8221;50&#8243; shift_x=&#8221;0&#8243; shift_y=&#8221;0&#8243; shift_y_down=&#8221;0&#8243; z_index=&#8221;0&#8243; medium_width=&#8221;0&#8243; mobile_width=&#8221;0&#8243; width=&#8221;1\/3&#8243;][vc_custom_heading heading_semantic=&#8221;p&#8221; text_size=&#8221;h3&#8243;]M. Laurent Moreillon[\/vc_custom_heading][vc_column_text]Universit\u00e9 de Lausanne (UNIL)[\/vc_column_text][\/vc_column_inner][vc_column_inner column_width_percent=&#8221;100&#8243; gutter_size=&#8221;2&#8243; overlay_alpha=&#8221;50&#8243; shift_x=&#8221;0&#8243; shift_y=&#8221;0&#8243; shift_y_down=&#8221;0&#8243; z_index=&#8221;0&#8243; medium_width=&#8221;0&#8243; mobile_width=&#8221;0&#8243; width=&#8221;1\/3&#8243;][vc_custom_heading heading_semantic=&#8221;p&#8221; text_size=&#8221;h3&#8243;]M. Sylvain Pasini[\/vc_custom_heading][vc_column_text]HEIG-VD[\/vc_column_text][\/vc_column_inner][vc_column_inner column_width_percent=&#8221;100&#8243; gutter_size=&#8221;2&#8243; overlay_alpha=&#8221;50&#8243; shift_x=&#8221;0&#8243; shift_y=&#8221;0&#8243; shift_y_down=&#8221;0&#8243; z_index=&#8221;0&#8243; medium_width=&#8221;0&#8243; mobile_width=&#8221;0&#8243; width=&#8221;1\/3&#8243;][vc_custom_heading heading_semantic=&#8221;p&#8221; text_size=&#8221;h3&#8243;]M. Raphael Conz[\/vc_custom_heading][vc_column_text]Service de la promotion de l&#8217;\u00e9conomie et de l&#8217;innovation (SPEI)[\/vc_column_text][\/vc_column_inner][\/vc_row_inner][vc_row_inner limit_content=&#8221;&#8221;][vc_column_inner column_width_percent=&#8221;100&#8243; gutter_size=&#8221;2&#8243; overlay_alpha=&#8221;50&#8243; shift_x=&#8221;0&#8243; shift_y=&#8221;0&#8243; shift_y_down=&#8221;0&#8243; z_index=&#8221;0&#8243; medium_width=&#8221;0&#8243; mobile_width=&#8221;0&#8243; width=&#8221;1\/3&#8243;][vc_custom_heading heading_semantic=&#8221;p&#8221; text_size=&#8221;h3&#8243;]M. Jean-Philippe Lallement[\/vc_custom_heading][vc_column_text]EPFL Innovation Park[\/vc_column_text][\/vc_column_inner][vc_column_inner column_width_percent=&#8221;100&#8243; gutter_size=&#8221;2&#8243; overlay_alpha=&#8221;50&#8243; shift_x=&#8221;0&#8243; shift_y=&#8221;0&#8243; shift_y_down=&#8221;0&#8243; z_index=&#8221;0&#8243; medium_width=&#8221;0&#8243; mobile_width=&#8221;0&#8243; width=&#8221;1\/3&#8243;][vc_custom_heading heading_semantic=&#8221;p&#8221; text_size=&#8221;h3&#8243;]Lennig Pedron[\/vc_custom_heading][vc_column_text]<\/p>\n<p class=\"p1\"><span class=\"s1\">EPFL Innovation Park<\/span><\/p>\n<p>[\/vc_column_text][\/vc_column_inner][vc_column_inner column_width_percent=&#8221;100&#8243; gutter_size=&#8221;2&#8243; overlay_alpha=&#8221;50&#8243; shift_x=&#8221;0&#8243; shift_y=&#8221;0&#8243; shift_y_down=&#8221;0&#8243; z_index=&#8221;0&#8243; medium_width=&#8221;0&#8243; mobile_width=&#8221;0&#8243; width=&#8221;1\/3&#8243;][vc_custom_heading heading_semantic=&#8221;p&#8221; text_size=&#8221;h3&#8243;]M. Olivier Crochat[\/vc_custom_heading][vc_column_text]Center for Digital Trust (C4DT)[\/vc_column_text][\/vc_column_inner][\/vc_row_inner][vc_empty_space empty_h=&#8221;2&#8243;][vc_empty_space empty_h=&#8221;2&#8243;][\/vc_column][\/vc_row]<\/p>\n<\/div>","protected":false},"excerpt":{"rendered":"<p>[vc_row row_height_percent=&#8221;0&#8243; overlay_alpha=&#8221;50&#8243; gutter_size=&#8221;3&#8243; column_width_percent=&#8221;100&#8243; shift_y=&#8221;0&#8243; z_index=&#8221;0&#8243;][vc_column column_width_percent=&#8221;100&#8243; position_horizontal=&#8221;left&#8221; gutter_size=&#8221;3&#8243; overlay_alpha=&#8221;50&#8243; shift_x=&#8221;0&#8243; shift_y=&#8221;0&#8243; shift_y_down=&#8221;0&#8243; z_index=&#8221;0&#8243; medium_width=&#8221;0&#8243; mobile_width=&#8221;0&#8243; width=&#8221;1\/1&#8243;][vc_row_inner row_inner_height_percent=&#8221;0&#8243; overlay_alpha=&#8221;50&#8243; [&hellip;]<\/p>\n","protected":false},"author":1,"featured_media":0,"parent":0,"menu_order":47,"comment_status":"closed","ping_status":"closed","template":"","meta":{"_acf_changed":false,"footnotes":""},"class_list":["post-1625","page","type-page","status-publish","hentry"],"acf":[],"yoast_head":"<!-- This site is optimized with the Yoast SEO plugin v27.4 - https:\/\/yoast.com\/product\/yoast-seo-wordpress\/ -->\n<title>About - Trust Valley<\/title>\n<meta name=\"description\" content=\"The Trust Valley is a public-private partnership aimed at promoting the excellence of the region in the field of digital trust and cybersecurity.\" \/>\n<meta name=\"robots\" content=\"index, follow, max-snippet:-1, max-image-preview:large, max-video-preview:-1\" \/>\n<link rel=\"canonical\" href=\"https:\/\/trustvalley.swiss\/en\/about\/\" \/>\n<meta property=\"og:locale\" content=\"en_US\" \/>\n<meta property=\"og:type\" content=\"article\" \/>\n<meta property=\"og:title\" content=\"About - Trust Valley\" \/>\n<meta property=\"og:description\" content=\"The Trust Valley is a public-private partnership aimed at promoting the excellence of the region in the field of digital trust and cybersecurity.\" \/>\n<meta property=\"og:url\" content=\"https:\/\/trustvalley.swiss\/en\/about\/\" \/>\n<meta property=\"og:site_name\" content=\"Trust Valley\" \/>\n<meta property=\"article:modified_time\" content=\"2021-06-28T08:05:04+00:00\" \/>\n<meta name=\"twitter:card\" content=\"summary_large_image\" \/>\n<meta name=\"twitter:label1\" content=\"Est. reading time\" \/>\n\t<meta name=\"twitter:data1\" content=\"8 minutes\" \/>\n<script type=\"application\/ld+json\" class=\"yoast-schema-graph\">{\"@context\":\"https:\\\/\\\/schema.org\",\"@graph\":[{\"@type\":\"WebPage\",\"@id\":\"https:\\\/\\\/trustvalley.swiss\\\/en\\\/about\\\/\",\"url\":\"https:\\\/\\\/trustvalley.swiss\\\/en\\\/about\\\/\",\"name\":\"About - Trust Valley\",\"isPartOf\":{\"@id\":\"https:\\\/\\\/trustvalley.swiss\\\/en\\\/#website\"},\"datePublished\":\"2020-06-12T14:04:25+00:00\",\"dateModified\":\"2021-06-28T08:05:04+00:00\",\"description\":\"The Trust Valley is a public-private partnership aimed at promoting the excellence of the region in the field of digital trust and cybersecurity.\",\"breadcrumb\":{\"@id\":\"https:\\\/\\\/trustvalley.swiss\\\/en\\\/about\\\/#breadcrumb\"},\"inLanguage\":\"en-US\",\"potentialAction\":[{\"@type\":\"ReadAction\",\"target\":[\"https:\\\/\\\/trustvalley.swiss\\\/en\\\/about\\\/\"]}]},{\"@type\":\"BreadcrumbList\",\"@id\":\"https:\\\/\\\/trustvalley.swiss\\\/en\\\/about\\\/#breadcrumb\",\"itemListElement\":[{\"@type\":\"ListItem\",\"position\":1,\"name\":\"Accueil\",\"item\":\"https:\\\/\\\/trustvalley.swiss\\\/en\\\/\"},{\"@type\":\"ListItem\",\"position\":2,\"name\":\"About\"}]},{\"@type\":\"WebSite\",\"@id\":\"https:\\\/\\\/trustvalley.swiss\\\/en\\\/#website\",\"url\":\"https:\\\/\\\/trustvalley.swiss\\\/en\\\/\",\"name\":\"Trust Valley\",\"description\":\"Trust Valley\",\"potentialAction\":[{\"@type\":\"SearchAction\",\"target\":{\"@type\":\"EntryPoint\",\"urlTemplate\":\"https:\\\/\\\/trustvalley.swiss\\\/en\\\/?s={search_term_string}\"},\"query-input\":{\"@type\":\"PropertyValueSpecification\",\"valueRequired\":true,\"valueName\":\"search_term_string\"}}],\"inLanguage\":\"en-US\"}]}<\/script>\n<!-- \/ Yoast SEO plugin. -->","yoast_head_json":{"title":"About - Trust Valley","description":"The Trust Valley is a public-private partnership aimed at promoting the excellence of the region in the field of digital trust and cybersecurity.","robots":{"index":"index","follow":"follow","max-snippet":"max-snippet:-1","max-image-preview":"max-image-preview:large","max-video-preview":"max-video-preview:-1"},"canonical":"https:\/\/trustvalley.swiss\/en\/about\/","og_locale":"en_US","og_type":"article","og_title":"About - Trust Valley","og_description":"The Trust Valley is a public-private partnership aimed at promoting the excellence of the region in the field of digital trust and cybersecurity.","og_url":"https:\/\/trustvalley.swiss\/en\/about\/","og_site_name":"Trust Valley","article_modified_time":"2021-06-28T08:05:04+00:00","twitter_card":"summary_large_image","twitter_misc":{"Est. reading time":"8 minutes"},"schema":{"@context":"https:\/\/schema.org","@graph":[{"@type":"WebPage","@id":"https:\/\/trustvalley.swiss\/en\/about\/","url":"https:\/\/trustvalley.swiss\/en\/about\/","name":"About - Trust Valley","isPartOf":{"@id":"https:\/\/trustvalley.swiss\/en\/#website"},"datePublished":"2020-06-12T14:04:25+00:00","dateModified":"2021-06-28T08:05:04+00:00","description":"The Trust Valley is a public-private partnership aimed at promoting the excellence of the region in the field of digital trust and cybersecurity.","breadcrumb":{"@id":"https:\/\/trustvalley.swiss\/en\/about\/#breadcrumb"},"inLanguage":"en-US","potentialAction":[{"@type":"ReadAction","target":["https:\/\/trustvalley.swiss\/en\/about\/"]}]},{"@type":"BreadcrumbList","@id":"https:\/\/trustvalley.swiss\/en\/about\/#breadcrumb","itemListElement":[{"@type":"ListItem","position":1,"name":"Accueil","item":"https:\/\/trustvalley.swiss\/en\/"},{"@type":"ListItem","position":2,"name":"About"}]},{"@type":"WebSite","@id":"https:\/\/trustvalley.swiss\/en\/#website","url":"https:\/\/trustvalley.swiss\/en\/","name":"Trust Valley","description":"Trust Valley","potentialAction":[{"@type":"SearchAction","target":{"@type":"EntryPoint","urlTemplate":"https:\/\/trustvalley.swiss\/en\/?s={search_term_string}"},"query-input":{"@type":"PropertyValueSpecification","valueRequired":true,"valueName":"search_term_string"}}],"inLanguage":"en-US"}]}},"_links":{"self":[{"href":"https:\/\/trustvalley.swiss\/en\/wp-json\/wp\/v2\/pages\/1625","targetHints":{"allow":["GET"]}}],"collection":[{"href":"https:\/\/trustvalley.swiss\/en\/wp-json\/wp\/v2\/pages"}],"about":[{"href":"https:\/\/trustvalley.swiss\/en\/wp-json\/wp\/v2\/types\/page"}],"author":[{"embeddable":true,"href":"https:\/\/trustvalley.swiss\/en\/wp-json\/wp\/v2\/users\/1"}],"replies":[{"embeddable":true,"href":"https:\/\/trustvalley.swiss\/en\/wp-json\/wp\/v2\/comments?post=1625"}],"version-history":[{"count":0,"href":"https:\/\/trustvalley.swiss\/en\/wp-json\/wp\/v2\/pages\/1625\/revisions"}],"wp:attachment":[{"href":"https:\/\/trustvalley.swiss\/en\/wp-json\/wp\/v2\/media?parent=1625"}],"curies":[{"name":"wp","href":"https:\/\/api.w.org\/{rel}","templated":true}]}}