{"id":1620,"date":"2020-06-12T16:00:38","date_gmt":"2020-06-12T14:00:38","guid":{"rendered":"https:\/\/digitaltrustvalley.ch\/expertise\/"},"modified":"2020-06-12T16:00:39","modified_gmt":"2020-06-12T14:00:39","slug":"expertise","status":"publish","type":"page","link":"https:\/\/trustvalley.swiss\/en\/expertise\/","title":{"rendered":"Expertise"},"content":{"rendered":"<div class=\"wpb-content-wrapper\"><p>[vc_row row_height_percent=&#8221;0&#8243; back_image=&#8221;1079&#8243; back_position=&#8221;left top&#8221; overlay_alpha=&#8221;50&#8243; gutter_size=&#8221;3&#8243; column_width_percent=&#8221;100&#8243; shift_y=&#8221;0&#8243; z_index=&#8221;0&#8243; back_size=&#8221;auto&#8221; shape_dividers=&#8221;&#8221;][vc_column column_width_percent=&#8221;100&#8243; position_horizontal=&#8221;left&#8221; gutter_size=&#8221;3&#8243; overlay_alpha=&#8221;50&#8243; shift_x=&#8221;0&#8243; shift_y=&#8221;0&#8243; shift_y_down=&#8221;0&#8243; z_index=&#8221;0&#8243; medium_width=&#8221;0&#8243; mobile_width=&#8221;0&#8243; width=&#8221;1\/1&#8243;][vc_empty_space empty_h=&#8221;2&#8243;][vc_custom_heading]Technologies[\/vc_custom_heading][vc_row_inner][vc_column_inner width=&#8221;1\/3&#8243;][vc_icon icon_image=&#8221;1152&#8243; heading_semantic=&#8221;h4&#8243; text_size=&#8221;h4&#8243; title=&#8221;Investigation num\u00e9rique &amp; r\u00e9silience&#8221;]<\/p>\n<p class=\"p1\"><span class=\"s1\">Lorem ipsum dolor sit amet, consectetur adipiscing elit. Nunc efficitur nunc id elit faucibus facilisis.<\/span><\/p>\n<p>[\/vc_icon][\/vc_column_inner][vc_column_inner width=&#8221;1\/3&#8243;][vc_icon icon_image=&#8221;1154&#8243; heading_semantic=&#8221;h4&#8243; text_size=&#8221;h4&#8243; title=&#8221;Protection des donn\u00e9es&#8221;]<\/p>\n<p class=\"p1\"><span class=\"s1\">Lorem ipsum dolor sit amet, consectetur adipiscing elit. Nunc efficitur nunc id elit faucibus facilisis.<\/span><\/p>\n<p>[\/vc_icon][\/vc_column_inner][vc_column_inner width=&#8221;1\/3&#8243;][vc_icon icon_image=&#8221;1156&#8243; heading_semantic=&#8221;h4&#8243; text_size=&#8221;h4&#8243; title=&#8221;Intelligence artificielle&#8221;]<\/p>\n<p class=\"p1\"><span class=\"s1\">Lorem ipsum dolor sit amet, consectetur adipiscing elit. Nunc efficitur nunc id elit faucibus facilisis.<\/span><\/p>\n<p>[\/vc_icon][\/vc_column_inner][\/vc_row_inner][vc_row_inner][vc_column_inner width=&#8221;1\/3&#8243;][vc_icon icon_image=&#8221;1090&#8243; heading_semantic=&#8221;h4&#8243; text_size=&#8221;h4&#8243; title=&#8221;Cybers\u00e9curit\u00e9&#8221;]<\/p>\n<p class=\"p1\"><span class=\"s1\">Lorem ipsum dolor sit amet, consectetur adipiscing elit. Nunc efficitur nunc id elit faucibus facilisis.<\/span><\/p>\n<p>[\/vc_icon][\/vc_column_inner][vc_column_inner width=&#8221;1\/3&#8243;][vc_icon icon_image=&#8221;1158&#8243; heading_semantic=&#8221;h4&#8243; text_size=&#8221;h4&#8243; title=&#8221;Gouvernance num\u00e9rique&#8221;]<\/p>\n<p class=\"p1\"><span class=\"s1\">Lorem ipsum dolor sit amet, consectetur adipiscing elit. Nunc efficitur nunc id elit faucibus facilisis.<\/span><\/p>\n<p>[\/vc_icon][\/vc_column_inner][vc_column_inner width=&#8221;1\/3&#8243;][vc_icon icon_image=&#8221;1160&#8243; heading_semantic=&#8221;h4&#8243; text_size=&#8221;h4&#8243; title=&#8221;Cryptographie&#8221;]<\/p>\n<p class=\"p1\"><span class=\"s1\">Lorem ipsum dolor sit amet, consectetur adipiscing elit. Nunc efficitur nunc id elit faucibus facilisis.<\/span><\/p>\n<p>[\/vc_icon][\/vc_column_inner][\/vc_row_inner][vc_row_inner][vc_column_inner width=&#8221;1\/3&#8243;][vc_icon icon_image=&#8221;1162&#8243; heading_semantic=&#8221;h4&#8243; text_size=&#8221;h4&#8243; title=&#8221;Information digitale&#8221;]<\/p>\n<p class=\"p1\"><span class=\"s1\">Lorem ipsum dolor sit amet, consectetur adipiscing elit. Nunc efficitur nunc id elit faucibus facilisis.<\/span><\/p>\n<p>[\/vc_icon][\/vc_column_inner][vc_column_inner width=&#8221;1\/3&#8243;][vc_icon icon_image=&#8221;1164&#8243; heading_semantic=&#8221;h4&#8243; text_size=&#8221;h4&#8243; title=&#8221;V\u00e9rification &amp; s\u00e9curit\u00e9 logicielle&#8221;]<\/p>\n<p class=\"p1\"><span class=\"s1\">Lorem ipsum dolor sit amet, consectetur adipiscing elit. Nunc efficitur nunc id elit faucibus facilisis.<\/span><\/p>\n<p>[\/vc_icon][\/vc_column_inner][vc_column_inner width=&#8221;1\/3&#8243;][\/vc_column_inner][\/vc_row_inner][vc_empty_space empty_h=&#8221;2&#8243;][vc_empty_space empty_h=&#8221;2&#8243;][\/vc_column][\/vc_row]<\/p>\n<\/div>","protected":false},"excerpt":{"rendered":"<p>[vc_row row_height_percent=&#8221;0&#8243; back_image=&#8221;1079&#8243; back_position=&#8221;left top&#8221; overlay_alpha=&#8221;50&#8243; gutter_size=&#8221;3&#8243; column_width_percent=&#8221;100&#8243; shift_y=&#8221;0&#8243; z_index=&#8221;0&#8243; back_size=&#8221;auto&#8221; shape_dividers=&#8221;&#8221;][vc_column column_width_percent=&#8221;100&#8243; position_horizontal=&#8221;left&#8221; gutter_size=&#8221;3&#8243; overlay_alpha=&#8221;50&#8243; shift_x=&#8221;0&#8243; shift_y=&#8221;0&#8243; shift_y_down=&#8221;0&#8243; z_index=&#8221;0&#8243; [&hellip;]<\/p>\n","protected":false},"author":15,"featured_media":0,"parent":0,"menu_order":71,"comment_status":"closed","ping_status":"closed","template":"","meta":{"_acf_changed":false,"footnotes":""},"class_list":["post-1620","page","type-page","status-publish","hentry"],"acf":[],"yoast_head":"<!-- This site is optimized with the Yoast SEO plugin v27.4 - https:\/\/yoast.com\/product\/yoast-seo-wordpress\/ -->\n<title>Expertise - Trust Valley<\/title>\n<meta name=\"robots\" content=\"index, follow, max-snippet:-1, max-image-preview:large, max-video-preview:-1\" \/>\n<link rel=\"canonical\" href=\"https:\/\/trustvalley.swiss\/en\/expertise\/\" \/>\n<meta property=\"og:locale\" content=\"en_US\" \/>\n<meta property=\"og:type\" content=\"article\" \/>\n<meta property=\"og:title\" content=\"Expertise - Trust Valley\" \/>\n<meta property=\"og:description\" content=\"[vc_row row_height_percent=&#8221;0&#8243; back_image=&#8221;1079&#8243; back_position=&#8221;left top&#8221; overlay_alpha=&#8221;50&#8243; gutter_size=&#8221;3&#8243; column_width_percent=&#8221;100&#8243; shift_y=&#8221;0&#8243; z_index=&#8221;0&#8243; back_size=&#8221;auto&#8221; shape_dividers=&#8221;&#8221;][vc_column column_width_percent=&#8221;100&#8243; position_horizontal=&#8221;left&#8221; gutter_size=&#8221;3&#8243; overlay_alpha=&#8221;50&#8243; shift_x=&#8221;0&#8243; shift_y=&#8221;0&#8243; shift_y_down=&#8221;0&#8243; z_index=&#8221;0&#8243; [&hellip;]\" \/>\n<meta property=\"og:url\" content=\"https:\/\/trustvalley.swiss\/en\/expertise\/\" \/>\n<meta property=\"og:site_name\" content=\"Trust Valley\" \/>\n<meta property=\"article:modified_time\" content=\"2020-06-12T14:00:39+00:00\" \/>\n<meta name=\"twitter:card\" content=\"summary_large_image\" \/>\n<meta name=\"twitter:label1\" content=\"Est. reading time\" \/>\n\t<meta name=\"twitter:data1\" content=\"2 minutes\" \/>\n<script type=\"application\/ld+json\" class=\"yoast-schema-graph\">{\"@context\":\"https:\\\/\\\/schema.org\",\"@graph\":[{\"@type\":\"WebPage\",\"@id\":\"https:\\\/\\\/trustvalley.swiss\\\/en\\\/expertise\\\/\",\"url\":\"https:\\\/\\\/trustvalley.swiss\\\/en\\\/expertise\\\/\",\"name\":\"Expertise - Trust Valley\",\"isPartOf\":{\"@id\":\"https:\\\/\\\/trustvalley.swiss\\\/en\\\/#website\"},\"datePublished\":\"2020-06-12T14:00:38+00:00\",\"dateModified\":\"2020-06-12T14:00:39+00:00\",\"breadcrumb\":{\"@id\":\"https:\\\/\\\/trustvalley.swiss\\\/en\\\/expertise\\\/#breadcrumb\"},\"inLanguage\":\"en-US\",\"potentialAction\":[{\"@type\":\"ReadAction\",\"target\":[\"https:\\\/\\\/trustvalley.swiss\\\/en\\\/expertise\\\/\"]}]},{\"@type\":\"BreadcrumbList\",\"@id\":\"https:\\\/\\\/trustvalley.swiss\\\/en\\\/expertise\\\/#breadcrumb\",\"itemListElement\":[{\"@type\":\"ListItem\",\"position\":1,\"name\":\"Accueil\",\"item\":\"https:\\\/\\\/trustvalley.swiss\\\/en\\\/\"},{\"@type\":\"ListItem\",\"position\":2,\"name\":\"Expertise\"}]},{\"@type\":\"WebSite\",\"@id\":\"https:\\\/\\\/trustvalley.swiss\\\/en\\\/#website\",\"url\":\"https:\\\/\\\/trustvalley.swiss\\\/en\\\/\",\"name\":\"Trust Valley\",\"description\":\"Trust Valley\",\"potentialAction\":[{\"@type\":\"SearchAction\",\"target\":{\"@type\":\"EntryPoint\",\"urlTemplate\":\"https:\\\/\\\/trustvalley.swiss\\\/en\\\/?s={search_term_string}\"},\"query-input\":{\"@type\":\"PropertyValueSpecification\",\"valueRequired\":true,\"valueName\":\"search_term_string\"}}],\"inLanguage\":\"en-US\"}]}<\/script>\n<!-- \/ Yoast SEO plugin. -->","yoast_head_json":{"title":"Expertise - Trust Valley","robots":{"index":"index","follow":"follow","max-snippet":"max-snippet:-1","max-image-preview":"max-image-preview:large","max-video-preview":"max-video-preview:-1"},"canonical":"https:\/\/trustvalley.swiss\/en\/expertise\/","og_locale":"en_US","og_type":"article","og_title":"Expertise - Trust Valley","og_description":"[vc_row row_height_percent=&#8221;0&#8243; back_image=&#8221;1079&#8243; back_position=&#8221;left top&#8221; overlay_alpha=&#8221;50&#8243; gutter_size=&#8221;3&#8243; column_width_percent=&#8221;100&#8243; shift_y=&#8221;0&#8243; z_index=&#8221;0&#8243; back_size=&#8221;auto&#8221; shape_dividers=&#8221;&#8221;][vc_column column_width_percent=&#8221;100&#8243; position_horizontal=&#8221;left&#8221; gutter_size=&#8221;3&#8243; overlay_alpha=&#8221;50&#8243; shift_x=&#8221;0&#8243; shift_y=&#8221;0&#8243; shift_y_down=&#8221;0&#8243; z_index=&#8221;0&#8243; [&hellip;]","og_url":"https:\/\/trustvalley.swiss\/en\/expertise\/","og_site_name":"Trust Valley","article_modified_time":"2020-06-12T14:00:39+00:00","twitter_card":"summary_large_image","twitter_misc":{"Est. reading time":"2 minutes"},"schema":{"@context":"https:\/\/schema.org","@graph":[{"@type":"WebPage","@id":"https:\/\/trustvalley.swiss\/en\/expertise\/","url":"https:\/\/trustvalley.swiss\/en\/expertise\/","name":"Expertise - Trust Valley","isPartOf":{"@id":"https:\/\/trustvalley.swiss\/en\/#website"},"datePublished":"2020-06-12T14:00:38+00:00","dateModified":"2020-06-12T14:00:39+00:00","breadcrumb":{"@id":"https:\/\/trustvalley.swiss\/en\/expertise\/#breadcrumb"},"inLanguage":"en-US","potentialAction":[{"@type":"ReadAction","target":["https:\/\/trustvalley.swiss\/en\/expertise\/"]}]},{"@type":"BreadcrumbList","@id":"https:\/\/trustvalley.swiss\/en\/expertise\/#breadcrumb","itemListElement":[{"@type":"ListItem","position":1,"name":"Accueil","item":"https:\/\/trustvalley.swiss\/en\/"},{"@type":"ListItem","position":2,"name":"Expertise"}]},{"@type":"WebSite","@id":"https:\/\/trustvalley.swiss\/en\/#website","url":"https:\/\/trustvalley.swiss\/en\/","name":"Trust Valley","description":"Trust Valley","potentialAction":[{"@type":"SearchAction","target":{"@type":"EntryPoint","urlTemplate":"https:\/\/trustvalley.swiss\/en\/?s={search_term_string}"},"query-input":{"@type":"PropertyValueSpecification","valueRequired":true,"valueName":"search_term_string"}}],"inLanguage":"en-US"}]}},"_links":{"self":[{"href":"https:\/\/trustvalley.swiss\/en\/wp-json\/wp\/v2\/pages\/1620","targetHints":{"allow":["GET"]}}],"collection":[{"href":"https:\/\/trustvalley.swiss\/en\/wp-json\/wp\/v2\/pages"}],"about":[{"href":"https:\/\/trustvalley.swiss\/en\/wp-json\/wp\/v2\/types\/page"}],"author":[{"embeddable":true,"href":"https:\/\/trustvalley.swiss\/en\/wp-json\/wp\/v2\/users\/15"}],"replies":[{"embeddable":true,"href":"https:\/\/trustvalley.swiss\/en\/wp-json\/wp\/v2\/comments?post=1620"}],"version-history":[{"count":0,"href":"https:\/\/trustvalley.swiss\/en\/wp-json\/wp\/v2\/pages\/1620\/revisions"}],"wp:attachment":[{"href":"https:\/\/trustvalley.swiss\/en\/wp-json\/wp\/v2\/media?parent=1620"}],"curies":[{"name":"wp","href":"https:\/\/api.w.org\/{rel}","templated":true}]}}